{"id":100,"date":"2017-08-20T22:14:56","date_gmt":"2017-08-20T20:14:56","guid":{"rendered":"http:\/\/www.lfs.ksn.at\/bildungsziel\/"},"modified":"2017-09-04T12:48:18","modified_gmt":"2017-09-04T10:48:18","slug":"bildungsziel","status":"publish","type":"page","link":"https:\/\/lfs.ksn.at\/dev-env\/bildungsziel\/","title":{"rendered":"Bildungsziel"},"content":{"rendered":"<p>Mit umfassender Ausbildung in Landwirtschaft, L\u00e4ndlichem Betriebs- und Haushaltsmanagement, Pferdewirtschaft und Gartenbau leisten die Landwirtschaftlichen Fachschulen einen wichtigen Beitrag zur Erhaltung b\u00e4uerlicher Strukturen. Sie vertiefen die Werte und die Bedeutung der Berufe des l\u00e4ndlichen Raumes. \u00dcber den Auftrag der schulischen Bildung hinaus stehen diese mit ihren Strukturen auch im Dienste der Weiterbildung der l\u00e4ndlichen Bev\u00f6lkerung.<\/p>\n","protected":false},"excerpt":{"rendered":"<p>Mit umfassender Ausbildung in Landwirtschaft, L\u00e4ndlichem Betriebs- und Haushaltsmanagement, Pferdewirtschaft und Gartenbau leisten die Landwirtschaftlichen Fachschulen einen wichtigen Beitrag zur Erhaltung b\u00e4uerlicher Strukturen. Sie vertiefen die Werte und die Bedeutung der Berufe des l\u00e4ndlichen Raumes. \u00dcber den Auftrag der schulischen Bildung hinaus stehen diese mit&#8230;<\/p>\n","protected":false},"author":1,"featured_media":0,"parent":0,"menu_order":0,"comment_status":"closed","ping_status":"closed","template":"","meta":{"footnotes":""},"class_list":["post-100","page","type-page","status-publish","hentry"],"_links":{"self":[{"href":"https:\/\/lfs.ksn.at\/dev-env\/wp-json\/wp\/v2\/pages\/100","targetHints":{"allow":["GET"]}}],"collection":[{"href":"https:\/\/lfs.ksn.at\/dev-env\/wp-json\/wp\/v2\/pages"}],"about":[{"href":"https:\/\/lfs.ksn.at\/dev-env\/wp-json\/wp\/v2\/types\/page"}],"author":[{"embeddable":true,"href":"https:\/\/lfs.ksn.at\/dev-env\/wp-json\/wp\/v2\/users\/1"}],"replies":[{"embeddable":true,"href":"https:\/\/lfs.ksn.at\/dev-env\/wp-json\/wp\/v2\/comments?post=100"}],"version-history":[{"count":0,"href":"https:\/\/lfs.ksn.at\/dev-env\/wp-json\/wp\/v2\/pages\/100\/revisions"}],"wp:attachment":[{"href":"https:\/\/lfs.ksn.at\/dev-env\/wp-json\/wp\/v2\/media?parent=100"}],"curies":[{"name":"wp","href":"https:\/\/api.w.org\/{rel}","templated":true}]}}