{"id":102,"date":"2017-08-20T22:15:05","date_gmt":"2017-08-20T20:15:05","guid":{"rendered":"http:\/\/www.lfs.ksn.at\/beihilfen\/"},"modified":"2025-09-18T11:20:29","modified_gmt":"2025-09-18T09:20:29","slug":"beihilfen","status":"publish","type":"page","link":"https:\/\/lfs.ksn.at\/dev-env\/beihilfen\/","title":{"rendered":"Beihilfen"},"content":{"rendered":"<p>Rechtsquelle:<\/p>\n<p style=\"padding-left: 30px;\">Bundesgesetz \u00fcber d. Gew\u00e4hrung von Schulbeihilfen u. Heimbeihilfen (Sch\u00fclerbeihilfengesetz), BGBl. Nr. 455\/1983 i.d.g.F.<\/p>\n<p>&nbsp;<\/p>\n<p>Zusammenfassung Beihilfen-Info:\u00a0\u00a0\u00a0 <a href=\"https:\/\/www.bmb.gv.at\/Themen\/schule\/befoe\/sbh.html\" target=\"_blank\" rel=\"noopener noreferrer\">www.bmb.gv.at<\/a><\/p>\n<p>&nbsp;<\/p>\n<p>&nbsp;<\/p>\n<p>Ansprechpartnerinnen:<\/p>\n<p><strong>Margarita Hudl\u00a0 \u00a0(f\u00fcr die Standorte: Althofen, Buchhof, Ehrental, Goldbrunnhof, Litzlhof, Stiegerhof)<\/strong><\/p>\n<p style=\"padding-left: 30px;\">Tel.: 050 536-11036<\/p>\n<p style=\"padding-left: 30px;\">Mail: margarita.hudl@ktn.gv.at<\/p>\n<p>&nbsp;<\/p>\n<p><strong>Andrea Etschmaier\u00a0 \u00a0(f\u00fcr den Standort: St. Andr\u00e4)<\/strong><\/p>\n<p style=\"padding-left: 30px;\">Tel.: 050 536-11033<\/p>\n<p style=\"padding-left: 30px;\">Mail: andrea.etschmaier@ktn.gv.at<\/p>\n","protected":false},"excerpt":{"rendered":"<p>Rechtsquelle: Bundesgesetz \u00fcber d. Gew\u00e4hrung von Schulbeihilfen u. Heimbeihilfen (Sch\u00fclerbeihilfengesetz), BGBl. Nr. 455\/1983 i.d.g.F. &nbsp; Zusammenfassung Beihilfen-Info:\u00a0\u00a0\u00a0 www.bmb.gv.at &nbsp; &nbsp; Ansprechpartnerinnen: Margarita Hudl\u00a0 \u00a0(f\u00fcr die Standorte: Althofen, Buchhof, Ehrental, Goldbrunnhof, Litzlhof, Stiegerhof) Tel.: 050 536-11036 Mail: margarita.hudl@ktn.gv.at &nbsp; Andrea Etschmaier\u00a0 \u00a0(f\u00fcr den Standort: St. Andr\u00e4)&#8230;<\/p>\n","protected":false},"author":1,"featured_media":0,"parent":0,"menu_order":0,"comment_status":"closed","ping_status":"closed","template":"","meta":{"footnotes":""},"class_list":["post-102","page","type-page","status-publish","hentry"],"_links":{"self":[{"href":"https:\/\/lfs.ksn.at\/dev-env\/wp-json\/wp\/v2\/pages\/102","targetHints":{"allow":["GET"]}}],"collection":[{"href":"https:\/\/lfs.ksn.at\/dev-env\/wp-json\/wp\/v2\/pages"}],"about":[{"href":"https:\/\/lfs.ksn.at\/dev-env\/wp-json\/wp\/v2\/types\/page"}],"author":[{"embeddable":true,"href":"https:\/\/lfs.ksn.at\/dev-env\/wp-json\/wp\/v2\/users\/1"}],"replies":[{"embeddable":true,"href":"https:\/\/lfs.ksn.at\/dev-env\/wp-json\/wp\/v2\/comments?post=102"}],"version-history":[{"count":0,"href":"https:\/\/lfs.ksn.at\/dev-env\/wp-json\/wp\/v2\/pages\/102\/revisions"}],"wp:attachment":[{"href":"https:\/\/lfs.ksn.at\/dev-env\/wp-json\/wp\/v2\/media?parent=102"}],"curies":[{"name":"wp","href":"https:\/\/api.w.org\/{rel}","templated":true}]}}