{"id":12,"date":"2017-04-20T22:57:03","date_gmt":"2017-04-20T20:57:03","guid":{"rendered":"http:\/\/web368.login-11.hoststar.at\/_private\/LFS_Neu\/?page_id=12"},"modified":"2023-03-22T13:54:05","modified_gmt":"2023-03-22T12:54:05","slug":"wissenswertes","status":"publish","type":"page","link":"https:\/\/lfs.ksn.at\/dev-env\/wissenswertes\/","title":{"rendered":"Wissenswertes"},"content":{"rendered":"<p>Schulbeginn:\u00a0 \u00a0 jeweils September d. J.<\/p>\n<p>&nbsp;<\/p>\n<p>Antr\u00e4ge f\u00fcr <em><strong>Schul- und Heimbeihilfen<\/strong><\/em>:\u00a0\u00a0\u00a0 <strong><span style=\"color: #ff0000;\">Abgabefrist immer 31.12.<\/span><\/strong><span style=\"color: #ff0000;\"><span style=\"color: #000000;\"><br \/>\nSp\u00e4ter einlangende Antr\u00e4ge k\u00f6nnen nur noch anteilsm\u00e4\u00dfig ber\u00fccksichtigt werden!<\/span><\/span><\/p>\n","protected":false},"excerpt":{"rendered":"<p>Schulbeginn:\u00a0 \u00a0 jeweils September d. J. &nbsp; Antr\u00e4ge f\u00fcr Schul- und Heimbeihilfen:\u00a0\u00a0\u00a0 Abgabefrist immer 31.12. Sp\u00e4ter einlangende Antr\u00e4ge k\u00f6nnen nur noch anteilsm\u00e4\u00dfig ber\u00fccksichtigt werden!<\/p>\n","protected":false},"author":1,"featured_media":0,"parent":0,"menu_order":0,"comment_status":"closed","ping_status":"closed","template":"","meta":{"footnotes":""},"class_list":["post-12","page","type-page","status-publish","hentry"],"_links":{"self":[{"href":"https:\/\/lfs.ksn.at\/dev-env\/wp-json\/wp\/v2\/pages\/12","targetHints":{"allow":["GET"]}}],"collection":[{"href":"https:\/\/lfs.ksn.at\/dev-env\/wp-json\/wp\/v2\/pages"}],"about":[{"href":"https:\/\/lfs.ksn.at\/dev-env\/wp-json\/wp\/v2\/types\/page"}],"author":[{"embeddable":true,"href":"https:\/\/lfs.ksn.at\/dev-env\/wp-json\/wp\/v2\/users\/1"}],"replies":[{"embeddable":true,"href":"https:\/\/lfs.ksn.at\/dev-env\/wp-json\/wp\/v2\/comments?post=12"}],"version-history":[{"count":0,"href":"https:\/\/lfs.ksn.at\/dev-env\/wp-json\/wp\/v2\/pages\/12\/revisions"}],"wp:attachment":[{"href":"https:\/\/lfs.ksn.at\/dev-env\/wp-json\/wp\/v2\/media?parent=12"}],"curies":[{"name":"wp","href":"https:\/\/api.w.org\/{rel}","templated":true}]}}