{"id":169,"date":"2017-09-06T16:05:07","date_gmt":"2017-09-06T14:05:07","guid":{"rendered":"http:\/\/www.lfs.ksn.at\/?page_id=169"},"modified":"2018-01-23T16:41:00","modified_gmt":"2018-01-23T15:41:00","slug":"landwirtschaftliche-schulinspektion","status":"publish","type":"page","link":"https:\/\/lfs.ksn.at\/dev-env\/landwirtschaftliche-schulinspektion\/","title":{"rendered":"Landwirtschaftliche Schulinspektion"},"content":{"rendered":"<p>Zur Wahrnehmung der Schulaufsichtsangelegenheiten ist im Amt der K\u00e4rntner Landesregierung die Landwirtschaftliche Schulinspektion mit folgenden Inspektoren eingerichtet:<\/p>\n<p style=\"padding-left: 60px;\">Landesschulinspektor:\u00a0\u00a0\u00a0\u00a0\u00a0\u00a0\u00a0\u00a0\u00a0\u00a0\u00a0\u00a0\u00a0\u00a0\u00a0\u00a0\u00a0\u00a0\u00a0\u00a0\u00a0\u00a0\u00a0\u00a0\u00a0\u00a0\u00a0\u00a0\u00a0\u00a0\u00a0\u00a0\u00a0\u00a0\u00a0\u00a0\u00a0\u00a0\u00a0\u00a0\u00a0\u00a0\u00a0 <strong><span style=\"color: #008000;\">Dipl.-HLFL-Ing. Alfred Altersberger<\/span><\/strong><\/p>\n<p style=\"padding-left: 60px;\">Fachinspektorin f\u00fcr die Fachrichtung L\u00e4ndliche Hauswirtschaft<br \/>\nbzw. Betriebliches Haushaltsmanagement:\u00a0\u00a0\u00a0\u00a0\u00a0\u00a0\u00a0 <strong><span style=\"color: #008000;\">Ing. Maria Innerwinkler<\/span><\/strong><\/p>\n<p>&nbsp;<\/p>\n<p>Die Schulinspektion hat insbesondere zu \u00fcberwachen:<\/p>\n<ul>\n<li>die Einhaltung des Lehrplanes, die Unterrichtsf\u00fchrung, den Unterrichtserfolg sowie die erzieherische T\u00e4tigkeit der Lehrer\/innen;<\/li>\n<li>die Einhaltung der Vorschriften \u00fcber die Ordnung von Unterricht und Erziehung;<\/li>\n<li>den Zustand der Schule (des Internats) in r\u00e4umlicher, einrichtungsm\u00e4\u00dfiger und schulhygienischer Beziehung.<\/li>\n<\/ul>\n","protected":false},"excerpt":{"rendered":"<p>Zur Wahrnehmung der Schulaufsichtsangelegenheiten ist im Amt der K\u00e4rntner Landesregierung die Landwirtschaftliche Schulinspektion mit folgenden Inspektoren eingerichtet: Landesschulinspektor:\u00a0\u00a0\u00a0\u00a0\u00a0\u00a0\u00a0\u00a0\u00a0\u00a0\u00a0\u00a0\u00a0\u00a0\u00a0\u00a0\u00a0\u00a0\u00a0\u00a0\u00a0\u00a0\u00a0\u00a0\u00a0\u00a0\u00a0\u00a0\u00a0\u00a0\u00a0\u00a0\u00a0\u00a0\u00a0\u00a0\u00a0\u00a0\u00a0\u00a0\u00a0\u00a0\u00a0 Dipl.-HLFL-Ing. Alfred Altersberger Fachinspektorin f\u00fcr die Fachrichtung L\u00e4ndliche Hauswirtschaft bzw. Betriebliches Haushaltsmanagement:\u00a0\u00a0\u00a0\u00a0\u00a0\u00a0\u00a0 Ing. Maria Innerwinkler &nbsp; Die Schulinspektion hat insbesondere zu \u00fcberwachen: die Einhaltung des Lehrplanes, die&#8230;<\/p>\n","protected":false},"author":2,"featured_media":0,"parent":0,"menu_order":0,"comment_status":"closed","ping_status":"closed","template":"","meta":{"footnotes":""},"class_list":["post-169","page","type-page","status-publish","hentry"],"_links":{"self":[{"href":"https:\/\/lfs.ksn.at\/dev-env\/wp-json\/wp\/v2\/pages\/169","targetHints":{"allow":["GET"]}}],"collection":[{"href":"https:\/\/lfs.ksn.at\/dev-env\/wp-json\/wp\/v2\/pages"}],"about":[{"href":"https:\/\/lfs.ksn.at\/dev-env\/wp-json\/wp\/v2\/types\/page"}],"author":[{"embeddable":true,"href":"https:\/\/lfs.ksn.at\/dev-env\/wp-json\/wp\/v2\/users\/2"}],"replies":[{"embeddable":true,"href":"https:\/\/lfs.ksn.at\/dev-env\/wp-json\/wp\/v2\/comments?post=169"}],"version-history":[{"count":0,"href":"https:\/\/lfs.ksn.at\/dev-env\/wp-json\/wp\/v2\/pages\/169\/revisions"}],"wp:attachment":[{"href":"https:\/\/lfs.ksn.at\/dev-env\/wp-json\/wp\/v2\/media?parent=169"}],"curies":[{"name":"wp","href":"https:\/\/api.w.org\/{rel}","templated":true}]}}