{"id":235,"date":"2017-09-28T13:33:15","date_gmt":"2017-09-28T11:33:15","guid":{"rendered":"http:\/\/www.lfs.ksn.at\/?page_id=235"},"modified":"2024-06-28T09:50:22","modified_gmt":"2024-06-28T07:50:22","slug":"schulverwaltung","status":"publish","type":"page","link":"https:\/\/lfs.ksn.at\/dev-env\/schulverwaltung\/","title":{"rendered":"Schulverwaltung"},"content":{"rendered":"<p>Amt der K\u00e4rntner Landesregierung, Abteilung 10 &#8211; Land- und Forstwirtschaft<\/p>\n<p>Mie\u00dftaler Stra\u00dfe 1, 9021 Klagenfurt am W\u00f6rthersee<\/p>\n<p>***********************************************************************************************<\/p>\n<p>Leiter der Schulverwaltung<\/p>\n<p>Landesschulinspektor<\/p>\n<p><strong>Dipl.-HLFL-Ing. Alfred Altersberger<\/strong><\/p>\n<p style=\"padding-left: 30px;\">Tel.: +43(0)50 536 11031<\/p>\n<p style=\"padding-left: 30px;\">Handy: +43(0)664 80 536 11031<\/p>\n<p style=\"padding-left: 30px;\">Mail: <a href=\"mailto:alfred.altersberger@ktn.gv.at\">alfred.altersberger@ktn.gv.at<\/a><\/p>\n<p>&nbsp;<\/p>\n<p>Fachinspektorin<\/p>\n<p><strong>Ing. Maria Innerwinkler<\/strong><\/p>\n<p style=\"padding-left: 30px;\">Handy: +43(0)664 80 536 11032<\/p>\n<p style=\"padding-left: 30px;\">Fax.: +43(0)50 536 11400<\/p>\n<p style=\"padding-left: 30px;\">Mail: <a href=\"mailto:m.innerwinkler@ktn.gv.at\">m.innerwinkler@ktn.gv.at<\/a><\/p>\n<p>&nbsp;<\/p>\n<p><strong>_________________________<\/strong><\/p>\n<p style=\"padding-left: 30px;\">Tel.: +43(0)50 536 11033<\/p>\n<p style=\"padding-left: 30px;\">Fax.: +43(0)50 536 11400<\/p>\n<p style=\"padding-left: 30px;\">Mail: _____________________<\/p>\n<p>&nbsp;<\/p>\n<p><strong>Brigitte Steiner<\/strong><\/p>\n<p style=\"padding-left: 30px;\">Tel.: +43(0)50 536 11034<\/p>\n<p style=\"padding-left: 30px;\">Fax.: +43(0)50 536 11400<\/p>\n<p style=\"padding-left: 30px;\">Mail: <a href=\"mailto:brigitte.steiner@ktn.gv.at\">brigitte.steiner@ktn.gv.at<\/a><\/p>\n<p>&nbsp;<\/p>\n<p><strong>Roswitha Suntinger<\/strong><\/p>\n<p style=\"padding-left: 30px;\">Tel.: +43(0)50 536 11037<\/p>\n<p style=\"padding-left: 30px;\">Fax.: +43(0)50 536 11400<\/p>\n<p style=\"padding-left: 30px;\">Mail: <a href=\"mailto:roswitha.suntinger@ktn.gv.at\">roswitha.suntinger@ktn.gv.at<\/a><\/p>\n<p>&nbsp;<\/p>\n<p><strong>Margarita Hudl<br \/>\n<\/strong><\/p>\n<p style=\"padding-left: 30px;\">Tel.: +43(0)50 536 11036<\/p>\n<p style=\"padding-left: 30px;\">Fax.: +43(0)50 536 11400<\/p>\n<p style=\"padding-left: 30px;\">Mail: margarita.hudl@ktn.gv.at<\/p>\n<p>&nbsp;<\/p>\n<p><strong><em>Datenschutzerkl\u00e4rung\u00a0<\/em><\/strong><\/p>\n<p><strong><u>1 Information \u00fcber die Erhebung personenbezogener Daten<\/u><\/strong><\/p>\n<p>(1) Im Folgenden informieren wir \u00fcber die Erhebung personenbezogener Daten bei Nutzung unserer Website. Personenbezogene Daten sind alle Daten, die auf Sie pers\u00f6nlich beziehbar sind, z. B. Name, Adresse, E-Mail-Adressen, Nutzerverhalten.<\/p>\n<p><strong>(2) Verantwortlicher gem. Art. 4 Abs. 7 EU-Datenschutz-Grundverordnung (DS-GVO) ist <\/strong><strong>lfs.ksn.at.<\/strong><\/p>\n<p>(3) Bei Ihrer Kontaktaufnahme mit uns per E-Mail oder per Brief werden die von Ihnen mitgeteilten Daten (Ihre E-Mail-Adresse, ggf. Ihr Name, Adresse bzw. Ihre Telefonnummer) von uns gespeichert, um Ihre Fragen zu beantworten. Die in diesem Zusammenhang anfallenden Daten l\u00f6schen wir, nachdem die Speicherung nicht mehr erforderlich ist, oder schr\u00e4nken die Verarbeitung ein, falls gesetzliche Aufbewahrungspflichten bestehen.<\/p>\n<p>(4) Falls wir f\u00fcr einzelne Funktionen unseres Angebots auf beauftragte Dienstleister zur\u00fcckgreifen oder Ihre Daten f\u00fcr werbliche Zwecke nutzen m\u00f6chten, werden wir Sie untenstehend im Detail \u00fcber die jeweiligen Vorg\u00e4nge informieren. Dabei nennen wir auch die festgelegten Kriterien der Speicherdauer.<\/p>\n<p><strong><u>2 Ihre Rechte<\/u><\/strong><\/p>\n<p>(1) Sie haben gegen\u00fcber uns folgende Rechte hinsichtlich der Sie betreffenden personenbezogenen Daten:<br \/>\n&#8211; Recht auf Auskunft,<br \/>\n&#8211; Recht auf Berichtigung oder L\u00f6schung,<br \/>\n&#8211; Recht auf Einschr\u00e4nkung der Verarbeitung,<br \/>\n&#8211; Recht auf Widerspruch gegen die Verarbeitung,<br \/>\n&#8211; Recht auf Daten\u00fcbertragbarkeit.<\/p>\n<p>(2) Sie haben zudem das Recht, sich bei einer Datenschutz-Aufsichtsbeh\u00f6rde \u00fcber die Verarbeitung Ihrer personenbezogenen Daten durch uns zu beschweren.<\/p>\n<p><strong><u>3 Erhebung personenbezogener Daten bei Besuch unserer Website<\/u><\/strong><\/p>\n<p>(1) Bei der blo\u00dfen informatorischen Nutzung der Website, also wenn Sie sich nicht registrieren oder uns anderweitig Informationen \u00fcbermitteln, erheben wir nur die personenbezogenen Daten, die Ihr Browser an unseren Server \u00fcbermittelt. Wenn Sie unsere Website betrachten m\u00f6chten, erheben wir die folgenden Daten, die f\u00fcr uns technisch erforderlich sind, um Ihnen unsere Website anzuzeigen und die Stabilit\u00e4t und Sicherheit zu gew\u00e4hrleisten (Rechtsgrundlage ist Art. 6 Abs. 1 S. 1 lit. f DS-GVO):<br \/>\n&#8211; IP-Adresse<br \/>\n&#8211; Datum und Uhrzeit der Anfrage<br \/>\n&#8211; Zeitzonendifferenz zur Greenwich Mean Time (GMT)<br \/>\n&#8211; Inhalt der Anforderung (konkrete Seite)<br \/>\n&#8211; Zugriffsstatus\/HTTP-Statuscode<br \/>\n&#8211; jeweils \u00fcbertragene Datenmenge<br \/>\n&#8211; Website, von der die Anforderung kommt<br \/>\n&#8211; Browser<br \/>\n&#8211; Betriebssystem und dessen Oberfl\u00e4che<br \/>\n&#8211; Sprache und Version der Browsersoftware.<\/p>\n<p>(2) Zus\u00e4tzlich zu den zuvor genannten Daten werden bei Ihrer Nutzung unserer Website Cookies auf Ihrem Rechner gespeichert. Bei Cookies handelt es sich um kleine Textdateien, die auf Ihrer Festplatte dem von Ihnen verwendeten Browser zugeordnet gespeichert werden und durch welche der Stelle, die den Cookie setzt (hier durch uns), bestimmte Informationen zuflie\u00dfen. Cookies k\u00f6nnen keine Programme ausf\u00fchren oder Viren auf Ihren Computer \u00fcbertragen. Sie dienen dazu, das Internetangebot insgesamt nutzerfreundlicher und effektiver zu machen.<\/p>\n<p>(3) Einsatz von Cookies:<br \/>\na) Diese Website nutzt folgende Arten von Cookies, deren Umfang und Funktionsweise im Folgenden erl\u00e4utert werden:<br \/>\n&#8211; Transiente Cookies (dazu b)<br \/>\n&#8211; Persistente Cookies (dazu c).<br \/>\nb) Transiente Cookies werden automatisiert gel\u00f6scht, wenn Sie den Browser schlie\u00dfen. Dazu z\u00e4hlen insbesondere die Session-Cookies. Diese speichern eine sogenannte Session-ID, mit welcher sich verschiedene Anfragen Ihres Browsers der gemeinsamen Sitzung zuordnen lassen. Dadurch kann Ihr Rechner wiedererkannt werden, wenn Sie auf unsere Website zur\u00fcckkehren. Die Session-Cookies werden gel\u00f6scht, wenn Sie sich ausloggen oder den Browser schlie\u00dfen.<br \/>\nc) Persistente Cookies werden automatisiert nach einer vorgegebenen Dauer gel\u00f6scht, die sich je nach Cookie unterscheiden kann. Sie k\u00f6nnen die Cookies in den Sicherheitseinstellungen Ihres Browsers jederzeit l\u00f6schen.<br \/>\nd) Sie k\u00f6nnen Ihre Browser-Einstellung entsprechend Ihren W\u00fcnschen konfigurieren und z. B. die Annahme von Third-Party-Cookies oder allen Cookies ablehnen. Wir weisen Sie darauf hin, dass Sie eventuell nicht alle Funktionen dieser Website nutzen k\u00f6nnen.<br \/>\ne) Wir setzen Cookies ein, um Sie f\u00fcr Folgebesuche identifizieren zu k\u00f6nnen, falls Sie \u00fcber einen Account bei uns verf\u00fcgen. Andernfalls m\u00fcssten Sie sich f\u00fcr jeden Besuch erneut einloggen.<br \/>\nf) Die genutzten Flash-Cookies werden nicht durch Ihren Browser erfasst, sondern durch Ihr Flash-Plug-in. Weiterhin nutzen wir HTML5 storage objects, die auf Ihrem Endger\u00e4t abgelegt werden. Diese Objekte speichern die erforderlichen Daten unabh\u00e4ngig von Ihrem verwendeten Browser und haben kein automatisches Ablaufdatum. Wenn Sie keine Verarbeitung der Flash-Cookies w\u00fcnschen, m\u00fcssen Sie ein entsprechendes Add-On installieren, z. B. Better Privacy f\u00fcr Mozilla Firefox (<a href=\"https:\/\/addons.mozilla.org\/de\/firefox\/addon\/betterprivacy\/\">https:\/\/addons.mozilla.org\/de\/firefox\/addon\/betterprivacy\/<\/a>) oder das Adobe-Flash-Killer-Cookie f\u00fcr Google Chrome. Die Nutzung von HTML5 storage objects k\u00f6nnen Sie verhindern, indem Sie in Ihrem Browser den privaten Modus einsetzen. Zudem empfehlen wir, regelm\u00e4\u00dfig Ihre Cookies und den Browser-Verlauf manuell zu l\u00f6schen.<\/p>\n<p>(4) Google Analytics:\u00a0\u201eDiese Website benutzt Google Analytics, einen Webanalysedienst der Google Inc. (\u201eGoogle\u201c). Google Analytics verwendet sog. \u201eCookies\u201c, Textdateien, die auf Ihrem Computer gespeichert werden und die eine Analyse der Benutzung der Website durch Sie erm\u00f6glichen. Die durch den Cookie erzeugten Informationen \u00fcber Ihre Benutzung dieser Website werden in der Regel an einen Server von Google in den USA \u00fcbertragen und dort gespeichert. Im Auftrag des Betreibers dieser Website wird Google diese Informationen benutzen, um Ihre Nutzung der Website auszuwerten, um Reports \u00fcber die Websiteaktivit\u00e4ten zusammenzustellen und um weitere mit der Websitenutzung und der Internetnutzung verbundene Dienstleistungen gegen\u00fcber dem Websitebetreiber zu erbringen. Die im Rahmen von Google Analytics von Ihrem Browser \u00fcbermittelte IP-Adresse wird nicht mit anderen Daten von Google zusammengef\u00fchrt. Sie k\u00f6nnen die Speicherung der Cookies durch eine entsprechende Einstellung Ihrer Browser-Software verhindern; wir weisen Sie jedoch darauf hin, dass Sie in diesem Fall gegebenenfalls nicht s\u00e4mtliche Funktionen dieser Website vollumf\u00e4nglich werden nutzen k\u00f6nnen. Sie k\u00f6nnen dar\u00fcber hinaus die Erfassung der durch das Cookie erzeugten und auf Ihre Nutzung der Website bezogenen Daten (inkl. Ihrer IP-Adresse) an Google sowie die Verarbeitung dieser Daten durch Google verhindern, indem Sie das unter dem folgenden Link verf\u00fcgbare Browser-Plugin herunterladen und installieren.<br \/>\nDer aktuelle Link ist\u00a0<a href=\"http:\/\/tools.google.com\/dlpage\/gaoptout?hl=de\">http:\/\/tools.google.com\/dlpage\/gaoptout?hl=de<\/a>.<br \/>\nN\u00e4here Informationen zu Nutzungsbedingungen und Datenschutz finden Sie unter\u00a0<a href=\"http:\/\/www.google.com\/analytics\/terms\/de.html\">http:\/\/www.google.com\/analytics\/terms\/de.html<\/a>\u00a0bzw. unter\u00a0<a href=\"http:\/\/www.google.de\/intl\/de\/policies\/\">http:\/\/www.google.de\/intl\/de\/policies\/<\/a>.<\/p>\n<p>(5) Flickr:\u00a0Auf einigen Seiten unserer Website setzen wir den Fotodienst Flickr ein. Dabei handelt es sich um ein Angebot von Oath (EMEA) Limited (vormals als Yahoo! EMEA Limited bezeichnet), 5-7 Point Square, North Wall Quay, Dublin 1, Irland \u2013 Ireland.<br \/>\nWir haben keinen Einfluss darauf, welche Daten erfasst werden und wie die Daten von Flickr verwendet werden. Informationen zu den dabei erfassten Daten und deren Nutzung entnehmen Sie bitte den Datenschutzhinweisen von Flickr, die Sie unter info.yahoo.com\/privacy\/us\/yahoo\/flickr\/details.html einsehen k\u00f6nnen.<\/p>\n<p>(6) YouTube:\u00a0Verschiedene Seiten enthalten sogenannte Einbettungen von Videos auf YouTube. Diese erm\u00f6glichen nur die Verbindung zu YouTube. YouTube ist ein Angebot von Google Inc. Zweck und Umfang der Datenerhebung und \u2013nutzung durch Google sowie Ihre Rechte und Einstellungsm\u00f6glichkeiten zum Schutz als YouTube-Kunde entnehmen Sie bitte den Datenschutzhinweisen von YouTube (<a href=\"https:\/\/policies.google.com\/privacy\">https:\/\/policies.google.com\/privacy<\/a>).<\/p>\n<p>(7) Google Kalender:\u00a0Verschiedene Seiten enthalten sogenannte Einbettungen des Google Kalenders. Diese erm\u00f6glichen die Verbindung zu Google Kalender. Google Kalender ist ein Angebot von Google Inc. Zweck und Umfang der Datenerhebung und \u2013nutzung durch Google sowie Ihre Rechte und Einstellungsm\u00f6glichkeiten zum Schutz als Kunde entnehmen Sie bitte den Datenschutzhinweisen von Google (<a href=\"http:\/\/www.google.de\/intl\/de\/policies\/\">http:\/\/www.google.de\/intl\/de\/policies\/<\/a>)<\/p>\n<p>(8) Google Maps:\u00a0Diese Seite nutzt \u00fcber eine API den Kartendienst Google Maps. Anbieter ist die Google Inc., 1600 Amphitheatre Parkway, Mountain View, CA 94043, USA.<br \/>\nZur Nutzung der Funktionen von Google Maps ist es notwendig, Ihre IP Adresse zu speichern. Diese Informationen werden in der Regel an einen Server von Google in den USA \u00fcbertragen und dort gespeichert.<br \/>\nDer Anbieter dieser Seite hat keinen Einfluss auf diese Daten\u00fcbertragung.<br \/>\nDie Nutzung von Google Maps erfolgt im Interesse einer ansprechenden Darstellung unserer Online-Angebote und an einer leichten Auffindbarkeit der von uns auf der Website angegebenen Orte. Dies stellt ein berechtigtes Interesse im Sinne von Art. 6 Abs. 1 lit. f DSGVO dar.<br \/>\nMehr Informationen zum Umgang mit Nutzerdaten finden Sie in der Datenschutzerkl\u00e4rung von Google:\u00a0<a href=\"https:\/\/www.google.de\/intl\/de\/policies\/privacy\/\">https:\/\/www.google.de\/intl\/de\/policies\/privacy\/<\/a>.<\/p>\n<p>(9) Verwendung von Sozial Plugins:\u00a0Auf diesen Internetseiten werden Plugins der sozialen Netzwerke facebook.com, twitter, google + und Instagram verwendet,\u00a0\u201eFacebook-I-Like\u201c bzw. \u201eFacebook-Gef\u00e4llt-mir\u201c: betrieben von: Facebook Inc., 1601 S. California Ave, Palo Alto, CA 94304, United States\u00a0\u201eTwitter Re-Tweet\u201c betrieben von: Twitter Inc., 795Folsom St., Suite 600, San Francisco, CA 94107, United States.<br \/>\n\u201eGoogle+1\u201d: betrieben von: Google Inc., 1600 Amphitheatre Parkway, Mountain View, CA 94043, United States<br \/>\nInstagram Inc., 1601 Willow Road, Menlo Park, CA, 94025, USA<br \/>\nWenn Sie mit einem solchen Plugin versehene Internetseiten unserer Internetpr\u00e4senz aufrufen, wird eine Verbindung zu den jeweiligen Servern hergestellt und dabei das Plugin durch Mitteilung an Ihren Browser auf der Internetseite dargestellt. Hierdurch wird an den Server \u00fcbermittelt, welche unserer Internetseiten Sie besucht haben. Sind Sie dabei als Mitglied bei Google +, Twitter oder Facebook eingeloggt, ordnet Google, Twitter bzw. Facebook diese Information Ihrem pers\u00f6nlichen Benutzerkonto zu. Bei der Nutzung der Plugin-Funktionen (z.B. Anklicken des \u201cGef\u00e4llt mir\u201d-Buttons, Abgabe eines Kommentars) werden auch diese Informationen Ihrem Konto zugeordnet, was Sie nur durch Ausloggen vor Nutzung des Plugins verhindern k\u00f6nnen.<br \/>\nDurch das Benutzen von Twitter und der Funktion &#8222;Re-Tweet&#8220; werden die von Ihnen besuchten Webseiten mit Ihrem Twitter-Account verkn\u00fcpft und anderen Nutzern bekannt gegeben. Dabei werden auch Daten an Twitter \u00fcbertragen. Wir weisen darauf hin, dass wir als Anbieter der Seiten keine Kenntnis vom Inhalt der \u00fcbermittelten Daten sowie deren Nutzung durch Twitter erhalten.<br \/>\nN\u00e4here Informationen zur Erhebung und Nutzung der Daten durch Google, Twitter und oder Facebook, \u00fcber Ihre diesbez\u00fcglichen Rechte und M\u00f6glichkeiten zum Schutz Ihrer Privatsph\u00e4re finden Sie in den Datenschutzhinweisen von Facebook, in der Datenschutzerkl\u00e4rung von Twitter und auf den Datenschutzhinweisen von Google +.<br \/>\nWenn Sie in Ihrem Instagram \u2013 Account eingeloggt sind k\u00f6nnen Sie durch Anklicken des Instagram \u2013 Buttons die Inhalte unserer Seiten mit Ihrem Instagram \u2013 Profil verlinken. Dadurch kann Instagram den Besuch unserer Seiten Ihrem Benutzerkonto zuordnen. Wir weisen darauf hin, dass wir als Anbieter der Seiten keine Kenntnis vom Inhalt der \u00fcbermittelten Daten sowie deren Nutzung durch Instagram erhalten.<\/p>\n<p>(10) Verwendung von Webfonts:\u00a0Auf diesen Internetseiten werden externe Schriften, Google Fonts verwendet. Google Fonts ist ein Dienst der Google Inc. (&#8222;Google&#8220;). Die Einbindung dieser Web Fonts erfolgt durch einen Serveraufruf, in der Regel ein Server von Google in den USA. Hierdurch wird an den Server \u00fcbermittelt, welche unserer Internetseiten Sie besucht haben. Auch wird die IP-Adresse des Browsers des Endger\u00e4tes des Besuchers dieser Internetseiten von Google gespeichert. N\u00e4here Informationen finden Sie in den Datenschutzhinweisen von Google, die Sie hier abrufen k\u00f6nnen:\u00a0<a href=\"https:\/\/fonts.google.com\/#AboutPlace:about\">https:\/\/fonts.google.com\/#AboutPlace:about<\/a>\u00a0bzw.\u00a0<a href=\"https:\/\/www.google.com\/policies\/privacy\/\">https:\/\/www.google.com\/policies\/privacy\/<\/a><\/p>\n<p>(11) Ajax und jQuery:\u00a0Datenschutzerkl\u00e4rung f\u00fcr die Nutzung von ajax.googleapis.com f\u00fcr jQuery und jQueryUI<br \/>\nDiese Webseite benutzt Ajax und jQuery bzw. jQueryUI Technologien, wodurch eine Optimierung der Ladegeschwindigkeiten erzielt wird. Diesbez\u00fcglich werden Programmbibliotheken von Google Servern aufgerufen. Es wird das CDN (Content delivery network) von Google verwendet. Sollten Sie jQuery vorher auf einer anderen Seite vom Google CDN gebraucht haben, wird Ihr Browser auf die im Cache abgelegte Kopie zur\u00fcckgreifen. Ist dies nicht zutreffend, erfordert dies ein Herunterladen, wobei Daten von Ihrem Browser an Google!Inc. (\u201eGoogle\u201d) gelangen. Ihre Daten werden in die USA \u00fcbertragen. N\u00e4heres erfahren Sie unter: https:\/\/developers.google.com\/speed\/libraries\/#jquery sowie unter den Datenschutzbestimmungen von Google (<a href=\"https:\/\/www.google.com\/policies\/privacy\/\">https:\/\/www.google.com\/policies\/privacy<\/a><\/p>\n","protected":false},"excerpt":{"rendered":"<p>Amt der K\u00e4rntner Landesregierung, Abteilung 10 &#8211; Land- und Forstwirtschaft Mie\u00dftaler Stra\u00dfe 1, 9021 Klagenfurt am W\u00f6rthersee *********************************************************************************************** Leiter der Schulverwaltung Landesschulinspektor Dipl.-HLFL-Ing. Alfred Altersberger Tel.: +43(0)50 536 11031 Handy: +43(0)664 80 536 11031 Mail: alfred.altersberger@ktn.gv.at &nbsp; Fachinspektorin Ing. Maria Innerwinkler Handy: +43(0)664 80 536&#8230;<\/p>\n","protected":false},"author":2,"featured_media":0,"parent":0,"menu_order":0,"comment_status":"closed","ping_status":"closed","template":"","meta":{"footnotes":""},"class_list":["post-235","page","type-page","status-publish","hentry"],"_links":{"self":[{"href":"https:\/\/lfs.ksn.at\/dev-env\/wp-json\/wp\/v2\/pages\/235","targetHints":{"allow":["GET"]}}],"collection":[{"href":"https:\/\/lfs.ksn.at\/dev-env\/wp-json\/wp\/v2\/pages"}],"about":[{"href":"https:\/\/lfs.ksn.at\/dev-env\/wp-json\/wp\/v2\/types\/page"}],"author":[{"embeddable":true,"href":"https:\/\/lfs.ksn.at\/dev-env\/wp-json\/wp\/v2\/users\/2"}],"replies":[{"embeddable":true,"href":"https:\/\/lfs.ksn.at\/dev-env\/wp-json\/wp\/v2\/comments?post=235"}],"version-history":[{"count":0,"href":"https:\/\/lfs.ksn.at\/dev-env\/wp-json\/wp\/v2\/pages\/235\/revisions"}],"wp:attachment":[{"href":"https:\/\/lfs.ksn.at\/dev-env\/wp-json\/wp\/v2\/media?parent=235"}],"curies":[{"name":"wp","href":"https:\/\/api.w.org\/{rel}","templated":true}]}}