{"id":246,"date":"2017-09-28T13:54:58","date_gmt":"2017-09-28T11:54:58","guid":{"rendered":"http:\/\/www.lfs.ksn.at\/?page_id=246"},"modified":"2021-03-05T11:50:22","modified_gmt":"2021-03-05T10:50:22","slug":"melken-und-tierpflege","status":"publish","type":"page","link":"https:\/\/lfs.ksn.at\/dev-env\/melken-und-tierpflege\/","title":{"rendered":"Melken\/Tierpflege"},"content":{"rendered":"<p>Seit 1970 gibt es schon die Melk- und Tierpflegekurse am Stiegerhof.<\/p>\n<p>Knappe 20.000!!! Sch\u00fclerinnen und Sch\u00fcler besuchten bis dato den &#8211; immer wieder dem technischen Fortschritt angepassten &#8211; modernen und zeitgem\u00e4\u00dfen Melk- und Tierpflegekurs.<\/p>\n<p>Das Ziel ist es, zuk\u00fcnftigen Michviehz\u00fcchter\/innen , aber auch allen anderen Sch\u00fcler\/innen, grundlegendes Wissen \u00fcber das Melkgeschehen mit moderner Melktechnik zu vermitteln. Optimale Haltungsbedingungen werden vor Ort besprochen und gezeigt.<\/p>\n<p>&nbsp;<\/p>\n<p>Beim Modul &#8222;Melken von K\u00fchen bzw. Schafen und Ziegen&#8220; erlernen die Jugendlichen die Technik des Melkens mit der Maschine, aber auch jene des Handmelkens ist wichtig, um die Vormelkarbeiten durchf\u00fchren zu k\u00f6nnen. Besonderer Wert wird auf die Euterhygiene und die Eutergesundheitskontrollen gelegt. Milchhygienevorschriften und Arbeitsschutz stehen an vorderster Stelle. Ein weiterer Teil des Unterrichts entf\u00e4llt auf Milchbehandlung und Milchverarbeitung f\u00fcr beste Produktqualit\u00e4t.<\/p>\n<p>&nbsp;<\/p>\n<p><img loading=\"lazy\" decoding=\"async\" class=\"alignnone wp-image-261\" src=\"http:\/\/www.lfs.ksn.at\/wp-content\/uploads\/2017\/09\/Melk2-300x225.jpg\" alt=\"\" width=\"364\" height=\"273\" srcset=\"https:\/\/lfs.ksn.at\/dev-env\/wp-content\/uploads\/2017\/09\/Melk2-300x225.jpg 300w, https:\/\/lfs.ksn.at\/dev-env\/wp-content\/uploads\/2017\/09\/Melk2.jpg 640w\" sizes=\"auto, (max-width: 364px) 100vw, 364px\" \/>\u00a0 <img loading=\"lazy\" decoding=\"async\" class=\"alignnone wp-image-260\" src=\"http:\/\/www.lfs.ksn.at\/wp-content\/uploads\/2017\/09\/Melk1-300x225.jpg\" alt=\"\" width=\"362\" height=\"271\" srcset=\"https:\/\/lfs.ksn.at\/dev-env\/wp-content\/uploads\/2017\/09\/Melk1-300x225.jpg 300w, https:\/\/lfs.ksn.at\/dev-env\/wp-content\/uploads\/2017\/09\/Melk1-768x576.jpg 768w, https:\/\/lfs.ksn.at\/dev-env\/wp-content\/uploads\/2017\/09\/Melk1-1024x768.jpg 1024w, https:\/\/lfs.ksn.at\/dev-env\/wp-content\/uploads\/2017\/09\/Melk1-800x600.jpg 800w, https:\/\/lfs.ksn.at\/dev-env\/wp-content\/uploads\/2017\/09\/Melk1-700x525.jpg 700w\" sizes=\"auto, (max-width: 362px) 100vw, 362px\" \/><\/p>\n<p><img loading=\"lazy\" decoding=\"async\" class=\"alignnone wp-image-262\" src=\"http:\/\/www.lfs.ksn.at\/wp-content\/uploads\/2017\/09\/Melk3-300x197.jpg\" alt=\"\" width=\"438\" height=\"288\" srcset=\"https:\/\/lfs.ksn.at\/dev-env\/wp-content\/uploads\/2017\/09\/Melk3-300x197.jpg 300w, https:\/\/lfs.ksn.at\/dev-env\/wp-content\/uploads\/2017\/09\/Melk3-768x504.jpg 768w, https:\/\/lfs.ksn.at\/dev-env\/wp-content\/uploads\/2017\/09\/Melk3-1024x672.jpg 1024w, https:\/\/lfs.ksn.at\/dev-env\/wp-content\/uploads\/2017\/09\/Melk3-700x459.jpg 700w, https:\/\/lfs.ksn.at\/dev-env\/wp-content\/uploads\/2017\/09\/Melk3.jpg 2048w\" sizes=\"auto, (max-width: 438px) 100vw, 438px\" \/>\u00a0 <img loading=\"lazy\" decoding=\"async\" class=\"alignnone wp-image-263\" src=\"http:\/\/www.lfs.ksn.at\/wp-content\/uploads\/2017\/09\/Melk4-201x300.jpg\" alt=\"\" width=\"192\" height=\"287\" srcset=\"https:\/\/lfs.ksn.at\/dev-env\/wp-content\/uploads\/2017\/09\/Melk4-201x300.jpg 201w, https:\/\/lfs.ksn.at\/dev-env\/wp-content\/uploads\/2017\/09\/Melk4-768x1147.jpg 768w, https:\/\/lfs.ksn.at\/dev-env\/wp-content\/uploads\/2017\/09\/Melk4-685x1024.jpg 685w, https:\/\/lfs.ksn.at\/dev-env\/wp-content\/uploads\/2017\/09\/Melk4-700x1046.jpg 700w, https:\/\/lfs.ksn.at\/dev-env\/wp-content\/uploads\/2017\/09\/Melk4.jpg 1000w\" sizes=\"auto, (max-width: 192px) 100vw, 192px\" \/><\/p>\n<p><img loading=\"lazy\" decoding=\"async\" class=\"alignnone wp-image-267\" src=\"http:\/\/www.lfs.ksn.at\/wp-content\/uploads\/2017\/09\/Melk5-201x300.jpg\" alt=\"\" width=\"190\" height=\"284\" srcset=\"https:\/\/lfs.ksn.at\/dev-env\/wp-content\/uploads\/2017\/09\/Melk5-201x300.jpg 201w, https:\/\/lfs.ksn.at\/dev-env\/wp-content\/uploads\/2017\/09\/Melk5-768x1147.jpg 768w, https:\/\/lfs.ksn.at\/dev-env\/wp-content\/uploads\/2017\/09\/Melk5-685x1024.jpg 685w, https:\/\/lfs.ksn.at\/dev-env\/wp-content\/uploads\/2017\/09\/Melk5-700x1046.jpg 700w, https:\/\/lfs.ksn.at\/dev-env\/wp-content\/uploads\/2017\/09\/Melk5.jpg 1000w\" sizes=\"auto, (max-width: 190px) 100vw, 190px\" \/> \u00a0 <img loading=\"lazy\" decoding=\"async\" class=\"alignnone wp-image-268\" src=\"http:\/\/www.lfs.ksn.at\/wp-content\/uploads\/2017\/09\/Melk6-225x300.jpg\" alt=\"\" width=\"211\" height=\"281\" srcset=\"https:\/\/lfs.ksn.at\/dev-env\/wp-content\/uploads\/2017\/09\/Melk6-225x300.jpg 225w, https:\/\/lfs.ksn.at\/dev-env\/wp-content\/uploads\/2017\/09\/Melk6-768x1024.jpg 768w, https:\/\/lfs.ksn.at\/dev-env\/wp-content\/uploads\/2017\/09\/Melk6-600x800.jpg 600w, https:\/\/lfs.ksn.at\/dev-env\/wp-content\/uploads\/2017\/09\/Melk6-700x933.jpg 700w, https:\/\/lfs.ksn.at\/dev-env\/wp-content\/uploads\/2017\/09\/Melk6.jpg 1728w\" sizes=\"auto, (max-width: 211px) 100vw, 211px\" \/>\u00a0 <img loading=\"lazy\" decoding=\"async\" class=\"alignnone wp-image-269\" src=\"http:\/\/www.lfs.ksn.at\/wp-content\/uploads\/2017\/09\/Melk7-300x225.jpg\" alt=\"\" width=\"372\" height=\"279\" srcset=\"https:\/\/lfs.ksn.at\/dev-env\/wp-content\/uploads\/2017\/09\/Melk7-300x225.jpg 300w, https:\/\/lfs.ksn.at\/dev-env\/wp-content\/uploads\/2017\/09\/Melk7-768x576.jpg 768w, https:\/\/lfs.ksn.at\/dev-env\/wp-content\/uploads\/2017\/09\/Melk7-1024x768.jpg 1024w, https:\/\/lfs.ksn.at\/dev-env\/wp-content\/uploads\/2017\/09\/Melk7-800x600.jpg 800w, https:\/\/lfs.ksn.at\/dev-env\/wp-content\/uploads\/2017\/09\/Melk7-700x525.jpg 700w\" sizes=\"auto, (max-width: 372px) 100vw, 372px\" \/><\/p>\n<p>&nbsp;<\/p>\n","protected":false},"excerpt":{"rendered":"<p>Seit 1970 gibt es schon die Melk- und Tierpflegekurse am Stiegerhof. Knappe 20.000!!! Sch\u00fclerinnen und Sch\u00fcler besuchten bis dato den &#8211; immer wieder dem technischen Fortschritt angepassten &#8211; modernen und zeitgem\u00e4\u00dfen Melk- und Tierpflegekurs. Das Ziel ist es, zuk\u00fcnftigen Michviehz\u00fcchter\/innen , aber auch allen anderen&#8230;<\/p>\n","protected":false},"author":2,"featured_media":0,"parent":0,"menu_order":0,"comment_status":"closed","ping_status":"closed","template":"","meta":{"footnotes":""},"class_list":["post-246","page","type-page","status-publish","hentry"],"_links":{"self":[{"href":"https:\/\/lfs.ksn.at\/dev-env\/wp-json\/wp\/v2\/pages\/246","targetHints":{"allow":["GET"]}}],"collection":[{"href":"https:\/\/lfs.ksn.at\/dev-env\/wp-json\/wp\/v2\/pages"}],"about":[{"href":"https:\/\/lfs.ksn.at\/dev-env\/wp-json\/wp\/v2\/types\/page"}],"author":[{"embeddable":true,"href":"https:\/\/lfs.ksn.at\/dev-env\/wp-json\/wp\/v2\/users\/2"}],"replies":[{"embeddable":true,"href":"https:\/\/lfs.ksn.at\/dev-env\/wp-json\/wp\/v2\/comments?post=246"}],"version-history":[{"count":0,"href":"https:\/\/lfs.ksn.at\/dev-env\/wp-json\/wp\/v2\/pages\/246\/revisions"}],"wp:attachment":[{"href":"https:\/\/lfs.ksn.at\/dev-env\/wp-json\/wp\/v2\/media?parent=246"}],"curies":[{"name":"wp","href":"https:\/\/api.w.org\/{rel}","templated":true}]}}