{"id":249,"date":"2017-09-28T14:09:21","date_gmt":"2017-09-28T12:09:21","guid":{"rendered":"http:\/\/www.lfs.ksn.at\/?page_id=249"},"modified":"2024-09-24T10:34:46","modified_gmt":"2024-09-24T08:34:46","slug":"fahrschule-traktor","status":"publish","type":"page","link":"https:\/\/lfs.ksn.at\/dev-env\/fahrschule-traktor\/","title":{"rendered":"Fahrschule &#8211; Traktor"},"content":{"rendered":"<p>Die Kursst\u00e4tte f\u00fcr Traktorfahren hat den <strong>Sitz<\/strong> an der <strong>Landwirtschaftlichen Fachschule Goldbrunnhof<\/strong>.<\/p>\n<p>J\u00e4hrlich werden ca. 300 Sch\u00fclerinnen und Sch\u00fcler ausgebildet.<\/p>\n<p>F\u00fcr den Traktorf\u00fchrerschein ist ein Alter von <strong>16 Jahren<\/strong> erforderlich, deshalb findet der Traktorf\u00fchrerkurs im 2.\u00a0 bzw. im 3. Jahrgang statt und wird von den Fahrschullehrern an allen Fachschul-Standorten durchgef\u00fchrt. Der Kurs beinhaltet 60 theoretische und 4 praktische Stunden je Sch\u00fcler\/in.<\/p>\n<p>Die Pr\u00fcfung besteht aus einer <strong>theoretischen Pr\u00fcfung am Computer<\/strong> und aus der <strong>praktischen Pr\u00fcfung am Fahrzeug<\/strong>. Bei der praktischen Pr\u00fcfung m\u00fcssen am Hofgel\u00e4nde \u00dcbungen wie Slalomfahren, Zielbremsung, R\u00fcckw\u00e4rtsfahren mit dem Anh\u00e4nger um 90\u00b0 in eine Garage durchgef\u00fchrt werden, danach erfolgt noch eine Ausfahrt in den \u00f6ffentlichen Verkehr.<\/p>\n<p>F\u00fcr den Traktorf\u00fchrerschein ist ein <strong>Erste-Hilfe-Kurs<\/strong> vorgeschrieben. Dieser wird ebenfalls an den landwirtschaftlichen Fachschulen K\u00e4rntens durchgef\u00fchrt.<\/p>\n<p>&nbsp;<\/p>\n<p>Fahrschulleiter und Informationen:<\/p>\n<p><strong>Martin Ladinig<\/strong><\/p>\n<p><img loading=\"lazy\" decoding=\"async\" class=\"alignnone wp-image-1397\" src=\"https:\/\/www.lfs.ksn.at\/wp-content\/uploads\/2020\/09\/2020-09-02-11_15_46-Fahrschule-300x240.jpg\" alt=\"\" width=\"393\" height=\"314\" srcset=\"https:\/\/lfs.ksn.at\/dev-env\/wp-content\/uploads\/2020\/09\/2020-09-02-11_15_46-Fahrschule-300x240.jpg 300w, https:\/\/lfs.ksn.at\/dev-env\/wp-content\/uploads\/2020\/09\/2020-09-02-11_15_46-Fahrschule.jpg 302w\" sizes=\"auto, (max-width: 393px) 100vw, 393px\" \/><\/p>\n","protected":false},"excerpt":{"rendered":"<p>Die Kursst\u00e4tte f\u00fcr Traktorfahren hat den Sitz an der Landwirtschaftlichen Fachschule Goldbrunnhof. J\u00e4hrlich werden ca. 300 Sch\u00fclerinnen und Sch\u00fcler ausgebildet. F\u00fcr den Traktorf\u00fchrerschein ist ein Alter von 16 Jahren erforderlich, deshalb findet der Traktorf\u00fchrerkurs im 2.\u00a0 bzw. im 3. Jahrgang statt und wird von den&#8230;<\/p>\n","protected":false},"author":2,"featured_media":0,"parent":0,"menu_order":0,"comment_status":"closed","ping_status":"closed","template":"","meta":{"footnotes":""},"class_list":["post-249","page","type-page","status-publish","hentry"],"_links":{"self":[{"href":"https:\/\/lfs.ksn.at\/dev-env\/wp-json\/wp\/v2\/pages\/249","targetHints":{"allow":["GET"]}}],"collection":[{"href":"https:\/\/lfs.ksn.at\/dev-env\/wp-json\/wp\/v2\/pages"}],"about":[{"href":"https:\/\/lfs.ksn.at\/dev-env\/wp-json\/wp\/v2\/types\/page"}],"author":[{"embeddable":true,"href":"https:\/\/lfs.ksn.at\/dev-env\/wp-json\/wp\/v2\/users\/2"}],"replies":[{"embeddable":true,"href":"https:\/\/lfs.ksn.at\/dev-env\/wp-json\/wp\/v2\/comments?post=249"}],"version-history":[{"count":0,"href":"https:\/\/lfs.ksn.at\/dev-env\/wp-json\/wp\/v2\/pages\/249\/revisions"}],"wp:attachment":[{"href":"https:\/\/lfs.ksn.at\/dev-env\/wp-json\/wp\/v2\/media?parent=249"}],"curies":[{"name":"wp","href":"https:\/\/api.w.org\/{rel}","templated":true}]}}