{"id":8,"date":"2017-04-20T22:56:26","date_gmt":"2017-04-20T20:56:26","guid":{"rendered":"http:\/\/web368.login-11.hoststar.at\/_private\/LFS_Neu\/?page_id=8"},"modified":"2020-09-02T10:41:07","modified_gmt":"2020-09-02T08:41:07","slug":"internat","status":"publish","type":"page","link":"https:\/\/lfs.ksn.at\/dev-env\/internat\/","title":{"rendered":"Internat"},"content":{"rendered":"<p>Alle landwirtschaftlichen Fachschulen K\u00e4rntens bieten auch die M\u00f6glichkeit, im jeweils angeschlossenen Sch\u00fclerheim zu wohnen. Dadurch ergibt sich ein Ineinandergreifen von Unterricht, Lernzeit und Freizeit. Dies wird von einem hohen Prozentsatz der Sch\u00fclerinnen und Sch\u00fcler in Anspruch genommen.<\/p>\n<p>&nbsp;<\/p>\n<p>Dass aber mit dem Besuch des Internates noch viele weitere Vorteile einhergehen, sollte nicht unerw\u00e4hnt bleiben:<\/p>\n<ul>\n<li>Zusammenleben der Sch\u00fcler\/innen unterschiedlicher Herkunft f\u00f6rdert gegenseitiges Verst\u00e4ndnis;<\/li>\n<li>Soziale Kompetenzen k\u00f6nnen besonders gef\u00f6rdert werden;<\/li>\n<li>Es gibt vielf\u00e4ltige M\u00f6glichkeiten der Zusammenarbeit zwischen Sch\u00fcler\/innen und Lehrer\/innen, da Lehrer\/innen auch als Erzieher\/innen t\u00e4tig sind;<\/li>\n<li>Gr\u00f6\u00dferer zeitlicher Freiraum durch Wegfall der t\u00e4glichen Fahrzeiten &#8211; weniger zeitlicher Druck;<\/li>\n<li>Ein strukturierter Tagesablauf hilft, Schul-, Lern- und Freizeiten entsprechend der Notwendigkeit zu gewichten;<\/li>\n<li>Die Sch\u00fcler\/innen erhalten ein hochwertiges Schulessen in entsprechender Atmosph\u00e4re. Die Verpflegung zu Mittag kann auch von den externen Sch\u00fcler\/innen in Anspruch genommen werden;<\/li>\n<li>Sinnvolle Freizeitangebote werden gerne gen\u00fctzt, z.B. Sport, etc.<\/li>\n<\/ul>\n<p>&nbsp;<\/p>\n<p>Selbstverst\u00e4ndlich werden die Covid-19-Bestimmungen, wie Einhaltung der Abstandsregeln, Desinfektion, Tragen eines Mund-Nasen-Schutzes, sowie das Prinzip &#8222;Verd\u00fcnnung&#8220; in der physischen Anwesenheit der Sch\u00fclerinnen und Sch\u00fcler angewandt.<\/p>\n<p><img loading=\"lazy\" decoding=\"async\" class=\"alignnone wp-image-113\" src=\"http:\/\/www.lfs.ksn.at\/wp-content\/uploads\/2017\/04\/index.png\" alt=\"Sch\u00fcler spielen Tischfussball\" width=\"458\" height=\"298\" \/> \u00a0 <img loading=\"lazy\" decoding=\"async\" class=\"alignnone size-medium wp-image-1392\" src=\"https:\/\/www.lfs.ksn.at\/wp-content\/uploads\/2020\/09\/IMG_20200701_133350-225x300.jpg\" alt=\"\" width=\"225\" height=\"300\" srcset=\"https:\/\/lfs.ksn.at\/dev-env\/wp-content\/uploads\/2020\/09\/IMG_20200701_133350-225x300.jpg 225w, https:\/\/lfs.ksn.at\/dev-env\/wp-content\/uploads\/2020\/09\/IMG_20200701_133350-768x1024.jpg 768w, https:\/\/lfs.ksn.at\/dev-env\/wp-content\/uploads\/2020\/09\/IMG_20200701_133350-1152x1536.jpg 1152w, https:\/\/lfs.ksn.at\/dev-env\/wp-content\/uploads\/2020\/09\/IMG_20200701_133350-1536x2048.jpg 1536w, https:\/\/lfs.ksn.at\/dev-env\/wp-content\/uploads\/2020\/09\/IMG_20200701_133350-600x800.jpg 600w, https:\/\/lfs.ksn.at\/dev-env\/wp-content\/uploads\/2020\/09\/IMG_20200701_133350-700x933.jpg 700w, https:\/\/lfs.ksn.at\/dev-env\/wp-content\/uploads\/2020\/09\/IMG_20200701_133350-scaled.jpg 1920w\" sizes=\"auto, (max-width: 225px) 100vw, 225px\" \/><\/p>\n<p><img loading=\"lazy\" decoding=\"async\" class=\"alignnone  wp-image-1391\" src=\"https:\/\/www.lfs.ksn.at\/wp-content\/uploads\/2020\/09\/IMG_20200701_132806-225x300.jpg\" alt=\"\" width=\"247\" height=\"329\" srcset=\"https:\/\/lfs.ksn.at\/dev-env\/wp-content\/uploads\/2020\/09\/IMG_20200701_132806-225x300.jpg 225w, https:\/\/lfs.ksn.at\/dev-env\/wp-content\/uploads\/2020\/09\/IMG_20200701_132806-768x1024.jpg 768w, https:\/\/lfs.ksn.at\/dev-env\/wp-content\/uploads\/2020\/09\/IMG_20200701_132806-1152x1536.jpg 1152w, https:\/\/lfs.ksn.at\/dev-env\/wp-content\/uploads\/2020\/09\/IMG_20200701_132806-1536x2048.jpg 1536w, https:\/\/lfs.ksn.at\/dev-env\/wp-content\/uploads\/2020\/09\/IMG_20200701_132806-600x800.jpg 600w, https:\/\/lfs.ksn.at\/dev-env\/wp-content\/uploads\/2020\/09\/IMG_20200701_132806-700x933.jpg 700w, https:\/\/lfs.ksn.at\/dev-env\/wp-content\/uploads\/2020\/09\/IMG_20200701_132806-scaled.jpg 1920w\" sizes=\"auto, (max-width: 247px) 100vw, 247px\" \/> \u00a0 <img loading=\"lazy\" decoding=\"async\" class=\"alignnone  wp-image-1390\" src=\"https:\/\/www.lfs.ksn.at\/wp-content\/uploads\/2020\/09\/IMG_20200701_132558-300x225.jpg\" alt=\"\" width=\"436\" height=\"327\" srcset=\"https:\/\/lfs.ksn.at\/dev-env\/wp-content\/uploads\/2020\/09\/IMG_20200701_132558-300x225.jpg 300w, https:\/\/lfs.ksn.at\/dev-env\/wp-content\/uploads\/2020\/09\/IMG_20200701_132558-1024x768.jpg 1024w, https:\/\/lfs.ksn.at\/dev-env\/wp-content\/uploads\/2020\/09\/IMG_20200701_132558-768x576.jpg 768w, https:\/\/lfs.ksn.at\/dev-env\/wp-content\/uploads\/2020\/09\/IMG_20200701_132558-1536x1152.jpg 1536w, https:\/\/lfs.ksn.at\/dev-env\/wp-content\/uploads\/2020\/09\/IMG_20200701_132558-2048x1536.jpg 2048w, https:\/\/lfs.ksn.at\/dev-env\/wp-content\/uploads\/2020\/09\/IMG_20200701_132558-800x600.jpg 800w, https:\/\/lfs.ksn.at\/dev-env\/wp-content\/uploads\/2020\/09\/IMG_20200701_132558-700x525.jpg 700w\" sizes=\"auto, (max-width: 436px) 100vw, 436px\" \/><\/p>\n<p><img loading=\"lazy\" decoding=\"async\" class=\"alignnone  wp-image-1389\" src=\"https:\/\/www.lfs.ksn.at\/wp-content\/uploads\/2020\/09\/IMG_20200701_132207-300x225.jpg\" alt=\"\" width=\"436\" height=\"327\" srcset=\"https:\/\/lfs.ksn.at\/dev-env\/wp-content\/uploads\/2020\/09\/IMG_20200701_132207-300x225.jpg 300w, https:\/\/lfs.ksn.at\/dev-env\/wp-content\/uploads\/2020\/09\/IMG_20200701_132207-1024x768.jpg 1024w, https:\/\/lfs.ksn.at\/dev-env\/wp-content\/uploads\/2020\/09\/IMG_20200701_132207-768x576.jpg 768w, https:\/\/lfs.ksn.at\/dev-env\/wp-content\/uploads\/2020\/09\/IMG_20200701_132207-1536x1152.jpg 1536w, https:\/\/lfs.ksn.at\/dev-env\/wp-content\/uploads\/2020\/09\/IMG_20200701_132207-2048x1536.jpg 2048w, https:\/\/lfs.ksn.at\/dev-env\/wp-content\/uploads\/2020\/09\/IMG_20200701_132207-800x600.jpg 800w, https:\/\/lfs.ksn.at\/dev-env\/wp-content\/uploads\/2020\/09\/IMG_20200701_132207-700x525.jpg 700w\" sizes=\"auto, (max-width: 436px) 100vw, 436px\" \/> \u00a0 <img loading=\"lazy\" decoding=\"async\" class=\"alignnone  wp-image-1388\" src=\"https:\/\/www.lfs.ksn.at\/wp-content\/uploads\/2020\/09\/IMG_20200701_122254-225x300.jpg\" alt=\"\" width=\"246\" height=\"328\" srcset=\"https:\/\/lfs.ksn.at\/dev-env\/wp-content\/uploads\/2020\/09\/IMG_20200701_122254-225x300.jpg 225w, https:\/\/lfs.ksn.at\/dev-env\/wp-content\/uploads\/2020\/09\/IMG_20200701_122254-768x1024.jpg 768w, https:\/\/lfs.ksn.at\/dev-env\/wp-content\/uploads\/2020\/09\/IMG_20200701_122254-1152x1536.jpg 1152w, https:\/\/lfs.ksn.at\/dev-env\/wp-content\/uploads\/2020\/09\/IMG_20200701_122254-1536x2048.jpg 1536w, https:\/\/lfs.ksn.at\/dev-env\/wp-content\/uploads\/2020\/09\/IMG_20200701_122254-600x800.jpg 600w, https:\/\/lfs.ksn.at\/dev-env\/wp-content\/uploads\/2020\/09\/IMG_20200701_122254-700x933.jpg 700w, https:\/\/lfs.ksn.at\/dev-env\/wp-content\/uploads\/2020\/09\/IMG_20200701_122254-scaled.jpg 1920w\" sizes=\"auto, (max-width: 246px) 100vw, 246px\" \/><\/p>\n","protected":false},"excerpt":{"rendered":"<p>Alle landwirtschaftlichen Fachschulen K\u00e4rntens bieten auch die M\u00f6glichkeit, im jeweils angeschlossenen Sch\u00fclerheim zu wohnen. Dadurch ergibt sich ein Ineinandergreifen von Unterricht, Lernzeit und Freizeit. Dies wird von einem hohen Prozentsatz der Sch\u00fclerinnen und Sch\u00fcler in Anspruch genommen. &nbsp; Dass aber mit dem Besuch des Internates&#8230;<\/p>\n","protected":false},"author":1,"featured_media":0,"parent":0,"menu_order":0,"comment_status":"closed","ping_status":"closed","template":"","meta":{"footnotes":""},"class_list":["post-8","page","type-page","status-publish","hentry"],"_links":{"self":[{"href":"https:\/\/lfs.ksn.at\/dev-env\/wp-json\/wp\/v2\/pages\/8","targetHints":{"allow":["GET"]}}],"collection":[{"href":"https:\/\/lfs.ksn.at\/dev-env\/wp-json\/wp\/v2\/pages"}],"about":[{"href":"https:\/\/lfs.ksn.at\/dev-env\/wp-json\/wp\/v2\/types\/page"}],"author":[{"embeddable":true,"href":"https:\/\/lfs.ksn.at\/dev-env\/wp-json\/wp\/v2\/users\/1"}],"replies":[{"embeddable":true,"href":"https:\/\/lfs.ksn.at\/dev-env\/wp-json\/wp\/v2\/comments?post=8"}],"version-history":[{"count":0,"href":"https:\/\/lfs.ksn.at\/dev-env\/wp-json\/wp\/v2\/pages\/8\/revisions"}],"wp:attachment":[{"href":"https:\/\/lfs.ksn.at\/dev-env\/wp-json\/wp\/v2\/media?parent=8"}],"curies":[{"name":"wp","href":"https:\/\/api.w.org\/{rel}","templated":true}]}}