{"id":97,"date":"2017-08-20T22:14:46","date_gmt":"2017-08-20T20:14:46","guid":{"rendered":"http:\/\/www.lfs.ksn.at\/news-schuljahr-1617\/"},"modified":"2025-02-20T15:23:30","modified_gmt":"2025-02-20T14:23:30","slug":"news-schuljahr-1617","status":"publish","type":"page","link":"https:\/\/lfs.ksn.at\/dev-env\/news-schuljahr-1617\/","title":{"rendered":"News"},"content":{"rendered":"<p><span style=\"font-family: 'comic sans ms', sans-serif;\">L\u00e4ndliches Betriebs- und Haushaltsmanagement<\/span><\/p>\n<p style=\"padding-left: 80px;\"><span style=\"font-family: 'comic sans ms', sans-serif;\">mit der Zusatzausbildung zum\/zur\u00a0 \u00a0&#8212;&gt; <a href=\"https:\/\/lfs.ksn.at\/dev-env\/wp-content\/uploads\/2025\/02\/10_Flyer24_KKE_Web.pdf\" target=\"_blank\" rel=\"noopener\"><strong>&#8222;KLEINKINDERZIEHER:IN&#8220;<\/strong><\/a><\/span><\/p>\n<p>&nbsp;<\/p>\n<p><span style=\"font-family: 'comic sans ms', sans-serif;\">L\u00e4ndliches Betriebs- und Haushaltsmanagement<\/span><\/p>\n<p style=\"padding-left: 80px;\"><span style=\"font-family: 'comic sans ms', sans-serif;\">mit der Zusatzausbildung zum\/zur\u00a0 \u00a0&#8212;&gt;\u00a0<a href=\"https:\/\/lfs.ksn.at\/dev-env\/wp-content\/uploads\/2025\/02\/10_Flyer24_Heimhilfe_Web.pdf\" target=\"_blank\" rel=\"noopener\"> <strong>&#8222;HEIMHELFER:IN&#8220;<\/strong><\/a><\/span><\/p>\n<p>&nbsp;<\/p>\n<p><span style=\"font-family: 'comic sans ms', sans-serif;\">Die &#8222;Fachschulen f\u00fcr\u00a0 \u00a0 &#8212;&gt; <a href=\"https:\/\/lfs.ksn.at\/dev-env\/wp-content\/uploads\/2025\/02\/10_Flyer24_LFS_EW_Web.pdf\" target=\"_blank\" rel=\"noopener\">\u00a0<strong>&#8222;ERWACHSENE&#8220;<\/strong><\/a><\/span><\/p>\n<h5><\/h5>\n<h5><\/h5>\n<p>&nbsp;<\/p>\n<h5><\/h5>\n<h5>____________________________________________________________________________________________________<\/h5>\n<h5 class=\"header2\"><span style=\"font-size: 12pt;\">Direktoren der landwirtschaftlichen Fachschulen geehrt\u00a0 \u00a0 (07.11.2023)<\/span><\/h5>\n<p>&nbsp;<\/p>\n<div class=\"text\">\n<p>KLAGENFURT. Jedes Jahr werden an K\u00e4rntens Landwirtschaftlichen Fachschulen \u00fcber 1.200 junge Menschen in den Fachbereichen Landwirtschaft, l\u00e4ndliches Betriebs- und Haushaltsmanagement, Pferdewirtschaft und Gartenbau ausgebildet. \u201eUnsere Schulen sind daf\u00fcr bekannt, dass der Unterricht vielseitig, innovativ und sehr praxisorientiert gestaltet ist. Mit viel Know-how, Herz und Hausverstand wird an den sieben Standorten der landwirtschaftliche Nachwuchs von morgen auf h\u00f6chstem Niveau ausgebildet\u201c, so Agrarreferent LHStv. Martin Gruber, der selbst Absolvent einer LFS ist.<\/p>\n<p>Diese Woche wurden im Spiegelsaal der K\u00e4rntner Landesregierung sechs LFS-Direktoren f\u00fcr ihre langj\u00e4hrigen und au\u00dferordentlichen Verdienste vom Land K\u00e4rnten geehrt. \u201eJeder einzelne von Ihnen hat sich \u00fcber Jahre hinweg weit \u00fcber das berufliche Ausma\u00df hinaus f\u00fcr unsere landwirtschaftlichen Schulen engagiert. Sie alle haben sich den Anforderungen der Zeit gestellt und die Ver\u00e4nderungen und Zielsetzungen im landwirtschaftlichen Bereich stets wahrgenommen. Mit Ihrem Engagement und Ihrer vorausschauenden, innovativen Art haben Sie die Schulstandorte weiterentwickelt und das landwirtschaftliche Schulwesen in unserem Land nachhaltig gepr\u00e4gt. Daf\u00fcr geb\u00fchrt Ihnen allen gro\u00dfer Dank\u201c, sagte LHStv. Gruber, der im Beisein von Abteilungsleiter Gerhard Hoffer die Urkunden an die zu Ehrenden \u00fcberreicht hat.<\/p>\n<p>Geehrt wurden die drei Direktorinnen i.R. Regierungsr\u00e4tin Elfriede Gr\u00f6ssing (LFS Buchhof), Waltraud Stroj (Bildungszentrum Ehrental) und Regierungsr\u00e4tin Herma Hartweger (LFS Drauhofen\/Bildungszentrum Litzlhof) sowie die kurz vor dem Ruhestand stehenden Schulleiter Oberstudienrat Peter Glantschnig (LFS Goldbrunnhof), Regierungsrat Josef Huber (Bildungszentrum Litzlhof) und Regierungsrat Johann Muggi (LFS St. Andr\u00e4).<\/p>\n<p>Mit dabei im Spiegelsaal waren neben zahlreichen G\u00e4sten auch Landesschulinspektor Alfred Altersberger, Fachinspektorin Maria Innerwinkler sowie Abteilungsleiterin Gerhild Hubmann. F\u00fcr eine stimmungsvolle Umrahmung des Festaktes sorgte die Stiegerhofer Bl\u00e4sergruppe.<\/p>\n<p><span style=\"font-size: 8pt;\">R\u00fcckfragehinweis: Protokoll Land K\u00e4rnten \/\u00a0Redaktion: Schuschnig\/Vouk \/\u00a0Fotohinweis: LPD K\u00e4rnten\/Bauer<\/span><\/p>\n<\/div>\n<p><img loading=\"lazy\" decoding=\"async\" class=\"\" src=\"https:\/\/www.ktn.gv.at\/DE\/repos\/files\/ktn.gv.at\/Protokoll\/Protokoll%202023\/11.%20November\/7.%20Ehrung%20LFS-DirektorInnen\/_DSC1723.JPG\" width=\"392\" height=\"280\" \/>\u00a0 <img loading=\"lazy\" decoding=\"async\" class=\"\" src=\"https:\/\/www.ktn.gv.at\/DE\/repos\/files\/ktn.gv.at\/Protokoll\/Protokoll%202023\/11.%20November\/7.%20Ehrung%20LFS-DirektorInnen\/_DSC1756.JPG\" width=\"388\" height=\"278\" \/>\u00a0 <img loading=\"lazy\" decoding=\"async\" class=\"\" src=\"https:\/\/www.ktn.gv.at\/DE\/repos\/files\/ktn.gv.at\/Protokoll\/Protokoll%202023\/11.%20November\/7.%20Ehrung%20LFS-DirektorInnen\/_DSC1781.JPG\" width=\"388\" height=\"277\" \/>\u00a0 <img loading=\"lazy\" decoding=\"async\" class=\"\" src=\"https:\/\/www.ktn.gv.at\/DE\/repos\/files\/ktn.gv.at\/Protokoll\/Protokoll%202023\/11.%20November\/7.%20Ehrung%20LFS-DirektorInnen\/_DSC1799.JPG\" width=\"383\" height=\"273\" \/>\u00a0 \u00a0<img loading=\"lazy\" decoding=\"async\" class=\"\" src=\"https:\/\/www.ktn.gv.at\/DE\/repos\/files\/ktn.gv.at\/Protokoll\/Protokoll%202023\/11.%20November\/7.%20Ehrung%20LFS-DirektorInnen\/_DSC1824.JPG\" width=\"382\" height=\"273\" \/> \u00a0\u00a0 <img loading=\"lazy\" decoding=\"async\" class=\"\" src=\"https:\/\/www.ktn.gv.at\/DE\/repos\/files\/ktn.gv.at\/Protokoll\/Protokoll%202023\/11.%20November\/7.%20Ehrung%20LFS-DirektorInnen\/_DSC1869.JPG\" width=\"384\" height=\"275\" \/>\u00a0 <img loading=\"lazy\" decoding=\"async\" class=\"\" src=\"https:\/\/www.ktn.gv.at\/DE\/repos\/files\/ktn.gv.at\/Protokoll\/Protokoll%202023\/11.%20November\/7.%20Ehrung%20LFS-DirektorInnen\/_DSC1898.JPG\" width=\"385\" height=\"275\" \/>\u00a0 <img loading=\"lazy\" decoding=\"async\" class=\"\" src=\"https:\/\/www.ktn.gv.at\/DE\/repos\/files\/ktn.gv.at\/Protokoll\/Protokoll%202023\/11.%20November\/7.%20Ehrung%20LFS-DirektorInnen\/_DSC1940.JPG\" width=\"384\" height=\"274\" \/><\/p>\n<p>&nbsp;<\/p>\n<p>&nbsp;<\/p>\n<p>&nbsp;<\/p>\n<p><strong>Neue F\u00fchrungskr\u00e4fte in den Landwirtschaftlichen Fachschulen K\u00e4rntens\u00a0 \u00a0(Sept. 2023)<\/strong><\/p>\n<p>&nbsp;<\/p>\n<p>\u201eWir tragen Verantwortung f\u00fcr Natur, Gesellschaft und Zukunft\u201c, sagen die landwirtschaftlichen Fachschulen K\u00e4rntens von sich und nehmen diesen Auftrag f\u00fcr die Ausbildung der Zukunftstr\u00e4ger des l\u00e4ndlichen Raums gerne an.<\/p>\n<p>Ganz besonders gilt dies f\u00fcr einige Direktorinnen und Direktoren, sowie Abteilungsvorstehungen, die mit Beginn dieses Schuljahres neu in ihre Funktionen bestellt wurden.<\/p>\n<p>Es sind dies:<\/p>\n<p>Bildungszentrum Ehrental:\u00a0 \u00a0Schulleitung:\u00a0 \u00a0<strong>Dir. Ing. Nicole Weissnegger<\/strong><\/p>\n<p>Fachschule Goldbrunnhof:\u00a0 \u00a0Schulleitung:\u00a0 \u00a0 <strong>Dir. Ing. Elfriede Dornan\u00a0<\/strong> \u00a0 \u00a0 \u00a0 \u00a0\u00a0Abteilungsvorstand: <strong>Ing. Stefan Jernej, MEd<\/strong><\/p>\n<p>Bildungszentrum Litzlhof:\u00a0 \u00a0prov. Schulleitung:\u00a0 \u00a0<strong>Dir. Ing. Klaudia Pirker\u00a0 \u00a0 \u00a0 \u00a0 \u00a0\u00a0<\/strong>prov. Abteilungsvorstand:\u00a0 \u00a0<strong>Marcel Wernisch, BSc<\/strong><\/p>\n<p>Fachschule St. Andr\u00e4:\u00a0 \u00a0prov. Schulleitung:\u00a0 \u00a0<strong>Dir. Ing. Herbert Brunner<\/strong><\/p>\n<p>&nbsp;<\/p>\n<p>LHStv. Martin Gruber, der als Agrarreferent f\u00fcr das landwirtschaftliche Fachschulwesen in K\u00e4rnten verantwortlich zeichnet und selbst Absolvent einer Fachschule ist, gab Gl\u00fcckw\u00fcnsche auf den Weg mit und dankte den Neo-F\u00fchrungskr\u00e4ften f\u00fcr ihre Bereitschaft, diese wichtige Aufgabe zu \u00fcbernehmen.<\/p>\n<p><img decoding=\"async\" src=\"https:\/\/lfs.ksn.at\/dev-env\/wp-content\/uploads\/2023\/10\/dekret_8_BestellungenBetrauungen-1000x500.jpg\" \/><\/p>\n<p><span style=\"font-size: 8pt;\">Foto: Copyright B\u00fcro LStv. Gruber<\/span><\/p>\n<p>&nbsp;<\/p>\n<p>&nbsp;<\/p>\n<p>&nbsp;<\/p>\n<p><strong><span style=\"color: #ff6600;\">ENQUETE &#8211; Betriebs- und Haushaltsmanagement in \u00d6sterreich (Oktober 2022)<\/span><\/strong><\/p>\n<p>der ALLB\u00d6 (Arbeitsgemeinschaft der Landwirtschaftlich-Hauswirtschaftlichen Lehrerinnen und Beraterinnen \u00d6sterreichs)<\/p>\n<p>&nbsp;<\/p>\n<p style=\"padding-left: 40px;\">&#8211;&gt; <a href=\"https:\/\/lfs.ksn.at\/dev-env\/wp-content\/uploads\/2023\/01\/ALLBOE-Ausgabe-2-2022-12-06.pdf\" target=\"_blank\" rel=\"noopener noreferrer\"><strong>mehr Informationen<\/strong><\/a> \ud83d\ude42<\/p>\n<p>&nbsp;<\/p>\n<p>&nbsp;<\/p>\n<p>&nbsp;<\/p>\n<p><span style=\"color: #ff00ff;\"><strong>Welthauswirtschaftstag am 21. M\u00e4rz 2022<\/strong><\/span><\/p>\n<p>&nbsp;<\/p>\n<p>Auch heuer ruft der internationale Verband f\u00fcr Hauswirtschaft zu Aktionen rund um den Tag der Hauswirtschaft am 21. M\u00e4rz 2022 auf.<\/p>\n<p>In den Fachschulen f\u00fcr L\u00e4ndliches Betriebs- und Haushaltsmanagement gibt es anl\u00e4sslich dieses Welthauswirtschaftstages viele kreative Beitr\u00e4ge zum Thema.<\/p>\n<p>&nbsp;<\/p>\n<p>Die Ver\u00f6ffentlichung dieser Aktivit\u00e4ten, mit denen auf die vielf\u00e4ltigen T\u00e4tigkeitsbereiche und Leistungen der Hauswirtschaft aufmerksam gemacht wird, erfolgt rund um den 21. M\u00e4rz in bew\u00e4hrter Weise auf den schuleigenen Social Media-Kan\u00e4len.<\/p>\n<p>&nbsp;<\/p>\n<p>Zus\u00e4tzlich werden alle digitalen Beitr\u00e4ge mit dem Hashtag #bhmoewht22 auf einer <strong>gemeinsamen Social Media Wall der Landwirtschaftlichen Fachschulen \u00d6sterreichs <\/strong>mit dem Ziel einer Bewusstseinsbildung im Bereich der Hauswirtschaft geb\u00fcndelt.<\/p>\n<p>Inhalte werden einem erweiterten Personenkreis zug\u00e4nglich gemacht, damit die Reichweite erh\u00f6ht und insgesamt kann die Bekanntheit der Landwirtschaftlichen Fachschulen und der Hauswirtschaftlichen Bildung gesteigert werden.<\/p>\n<p>&nbsp;<\/p>\n<p>Die URL der gemeinsamen Social Media Wall lautet: <a href=\"http:\/\/my.walls.io\/u45ky\" target=\"_blank\" rel=\"noopener noreferrer\"><strong>my.walls.io\/u45ky<\/strong><\/a><\/p>\n<p>&nbsp;<\/p>\n<p><img loading=\"lazy\" decoding=\"async\" class=\"\" src=\"https:\/\/lfs.ksn.at\/dev-env\/wp-content\/uploads\/2022\/02\/2022-02-21-Welthauswirtschaftstag2022_Oesterreich.png\" width=\"378\" height=\"377\" \/>\u00a0 <img loading=\"lazy\" decoding=\"async\" class=\"wp-image-1545 alignnone\" src=\"https:\/\/lfs.ksn.at\/dev-env\/wp-content\/uploads\/2022\/03\/TagderHW-300x178.png\" alt=\"\" width=\"402\" height=\"239\" srcset=\"https:\/\/lfs.ksn.at\/dev-env\/wp-content\/uploads\/2022\/03\/TagderHW-300x178.png 300w, https:\/\/lfs.ksn.at\/dev-env\/wp-content\/uploads\/2022\/03\/TagderHW-700x416.png 700w, https:\/\/lfs.ksn.at\/dev-env\/wp-content\/uploads\/2022\/03\/TagderHW.png 754w\" sizes=\"auto, (max-width: 402px) 100vw, 402px\" \/><\/p>\n<p>&nbsp;<\/p>\n<p>***********************************************************************************************************************<\/p>\n<p>&nbsp;<\/p>\n<p><strong><span style=\"color: #ff0000;\">Neuester Slow-Food-Bericht<\/span><\/strong> in &#8222;Mein Sonntag&#8220;, Ausgabe 11\/Dezember 2021<\/p>\n<p style=\"padding-left: 120px;\"><strong><a href=\"https:\/\/epaper.digitri.com\/16385268026672.dv#\/22\" target=\"_blank\" rel=\"noopener noreferrer\">&gt;&gt;&gt;HIER&lt;&lt;&lt;<\/a><\/strong><\/p>\n<p>&nbsp;<\/p>\n<p>&nbsp;<\/p>\n<p>************************************************************************************************************************<\/p>\n<p>&nbsp;<\/p>\n<p>Anl\u00e4sslich des Welttages der Hauswirtschaft am 21. M\u00e4rz\u00a0 \u00a0 \u00a0 \u00a0 &#8211; professionell &#8211; dynamisch &#8211; nachhaltig<\/p>\n<blockquote>\n<p style=\"padding-left: 80px;\"><strong>&gt;&gt;&gt; <a href=\"https:\/\/youtu.be\/mEXKNyZ1NuU\" target=\"_blank\" rel=\"noopener noreferrer\">ImageFILM<\/a> &lt;&lt;&lt;<\/strong><\/p>\n<\/blockquote>\n<p>&nbsp;<\/p>\n<p>************************************************************************************************************************<\/p>\n<p>&nbsp;<\/p>\n<p>Unser neuer<strong>\u00a0 <a href=\"https:\/\/www.lfs.ksn.at\/wp-content\/uploads\/2020\/12\/Folder20_Traktor200x210Web.pdf\" target=\"_blank\" rel=\"noopener noreferrer\">\u00a0&gt;&gt;&gt; FOLDER &lt;&lt;&lt;<\/a><\/strong>\u00a0 \u00a0f\u00fcr den angebotenen <strong>Traktorf\u00fchrerschein<\/strong> \ud83d\ude42<\/p>\n<p>&nbsp;<\/p>\n<p>************************************************************************************************************************<\/p>\n<p><strong>Latest News:<\/strong>\u00a0 \u00a0 \u00a0 DIE Fachschule f\u00fcr ERWACHSENE\u00a0 \u00a0\ud83d\ude42<\/p>\n<p>Alle Infos in unserem neuen\u00a0 \u00a0<a href=\"https:\/\/www.lfs.ksn.at\/wp-content\/uploads\/2020\/12\/Folder20_LFS-fuer-Erwachsene-Web.pdf\" target=\"_blank\" rel=\"noopener noreferrer\">&gt;&gt;&gt; FOLDER &gt;&gt;&gt;<\/a><\/p>\n<p>&nbsp;<\/p>\n<p>*************************************************************************************************************************<\/p>\n<p>&nbsp;<\/p>\n<p><strong>Neuer Ausbildungsschwerpunkt &#8222;SOZIALES&#8220; ab dem SJ 2020\/21 \ud83d\ude42<\/strong><\/p>\n<p><em>&#8222;Heimhelferin\/Heimhelfer&#8220;<\/em><\/p>\n<p>F\u00fcr einander da sein&#8230; Die Landwirtschaftlichen Fachschulen reagieren gemeinsam mit dem Hilfswerk K\u00e4rnten auf den gestiegenen Betreuungsbedarf im l\u00e4ndlichen Raum. Die <em>Fachrichtung \u201eL\u00e4ndliches Betriebs- und Haushaltsmanagement\u201d an vier Standorten<\/em> setzt im Bereich \u201eSoziales\u201d einen neuen Ausbildungsschwerpunkt.<\/p>\n<p>&nbsp;<\/p>\n<p>Informieren Sie sich in unserem brandneuen \u00a0<a href=\"https:\/\/www.lfs.ksn.at\/wp-content\/uploads\/2020\/02\/Folder19_Soziales_LFS-Kaernten.pdf\" target=\"_blank\" rel=\"noopener noreferrer\"> &gt;&gt;&gt; FOLDER &gt;&gt;&gt;<\/a><\/p>\n<p>&nbsp;<\/p>\n<p>&nbsp;<\/p>\n","protected":false},"excerpt":{"rendered":"<p>L\u00e4ndliches Betriebs- und Haushaltsmanagement mit der Zusatzausbildung zum\/zur\u00a0 \u00a0&#8212;&gt; &#8222;KLEINKINDERZIEHER:IN&#8220; &nbsp; L\u00e4ndliches Betriebs- und Haushaltsmanagement mit der Zusatzausbildung zum\/zur\u00a0 \u00a0&#8212;&gt;\u00a0 &#8222;HEIMHELFER:IN&#8220; &nbsp; Die &#8222;Fachschulen f\u00fcr\u00a0 \u00a0 &#8212;&gt; \u00a0&#8222;ERWACHSENE&#8220; &nbsp; ____________________________________________________________________________________________________ Direktoren der landwirtschaftlichen Fachschulen geehrt\u00a0 \u00a0 (07.11.2023) &nbsp; KLAGENFURT. Jedes Jahr werden an K\u00e4rntens Landwirtschaftlichen&#8230;<\/p>\n","protected":false},"author":1,"featured_media":0,"parent":0,"menu_order":0,"comment_status":"closed","ping_status":"closed","template":"","meta":{"footnotes":""},"class_list":["post-97","page","type-page","status-publish","hentry"],"_links":{"self":[{"href":"https:\/\/lfs.ksn.at\/dev-env\/wp-json\/wp\/v2\/pages\/97","targetHints":{"allow":["GET"]}}],"collection":[{"href":"https:\/\/lfs.ksn.at\/dev-env\/wp-json\/wp\/v2\/pages"}],"about":[{"href":"https:\/\/lfs.ksn.at\/dev-env\/wp-json\/wp\/v2\/types\/page"}],"author":[{"embeddable":true,"href":"https:\/\/lfs.ksn.at\/dev-env\/wp-json\/wp\/v2\/users\/1"}],"replies":[{"embeddable":true,"href":"https:\/\/lfs.ksn.at\/dev-env\/wp-json\/wp\/v2\/comments?post=97"}],"version-history":[{"count":0,"href":"https:\/\/lfs.ksn.at\/dev-env\/wp-json\/wp\/v2\/pages\/97\/revisions"}],"wp:attachment":[{"href":"https:\/\/lfs.ksn.at\/dev-env\/wp-json\/wp\/v2\/media?parent=97"}],"curies":[{"name":"wp","href":"https:\/\/api.w.org\/{rel}","templated":true}]}}