{"id":98,"date":"2017-08-20T22:14:52","date_gmt":"2017-08-20T20:14:52","guid":{"rendered":"http:\/\/www.lfs.ksn.at\/ausbildungsinfo\/"},"modified":"2020-09-02T09:57:53","modified_gmt":"2020-09-02T07:57:53","slug":"ausbildungsinfo","status":"publish","type":"page","link":"https:\/\/lfs.ksn.at\/dev-env\/ausbildungsinfo\/","title":{"rendered":"Ausbildungsinfo"},"content":{"rendered":"<p>Unsere Landwirtschaftlichen Fachschulen (an 7 Standorten) in K\u00e4rnten gliedern sich in folgende Fachrichtungen:<\/p>\n<p><img loading=\"lazy\" decoding=\"async\" class=\"alignnone size-full wp-image-1238\" src=\"https:\/\/www.lfs.ksn.at\/wp-content\/uploads\/2019\/10\/LandkarteNeuSmall.png\" alt=\"\" width=\"1200\" height=\"372\" srcset=\"https:\/\/lfs.ksn.at\/dev-env\/wp-content\/uploads\/2019\/10\/LandkarteNeuSmall.png 1200w, https:\/\/lfs.ksn.at\/dev-env\/wp-content\/uploads\/2019\/10\/LandkarteNeuSmall-300x93.png 300w, https:\/\/lfs.ksn.at\/dev-env\/wp-content\/uploads\/2019\/10\/LandkarteNeuSmall-768x238.png 768w, https:\/\/lfs.ksn.at\/dev-env\/wp-content\/uploads\/2019\/10\/LandkarteNeuSmall-1024x317.png 1024w, https:\/\/lfs.ksn.at\/dev-env\/wp-content\/uploads\/2019\/10\/LandkarteNeuSmall-700x217.png 700w\" sizes=\"auto, (max-width: 1200px) 100vw, 1200px\" \/><\/p>\n<ul>\n<li><strong>Organisation:<\/strong><\/li>\n<\/ul>\n<p>Die Fachrichtungen Landwirtschaft, L\u00e4ndliches Betriebs- und Haushaltsmanagement und Pferdewirtschaft werden als <strong>3-j\u00e4hrige<\/strong> Form gef\u00fchrt.<\/p>\n<p>In der <strong>4-j\u00e4hrigen Fachschule (Agrar-HAK Althofen),<\/strong> welche im Rahmen einer Schulkooperation organisiert ist, erfolgt der landwirtschaftliche bzw. hauswirtschaftliche Unterricht an einem Tag in der Woche; vier Tage in der Woche besuchen die Sch\u00fcler\/innen die Handelsakademie. Diese wird nach einem weiteren Schuljahr mit der Ablegung der Diplomreifepr\u00fcfung abgeschlossen. Die Absolventen\/Absolventinnen d\u00fcrfen dann den Titel &#8222;Agrarkaufmann&#8220; bzw. &#8222;Agrarkauffrau&#8220; f\u00fchren.<\/p>\n<p>Am <strong>Stiegerhof<\/strong> ist der Abschluss der <strong>4-j\u00e4hrigen Fachschule im Bereich Pferdewirtschaft<\/strong>, welche ebenfalls im Rahmen einer Schulkooperation mit der KTS &#8211; K\u00e4rntner Tourismusschule (mit Maturaabschluss) organisiert ist, m\u00f6glich. Nach erfolgreicher Ablegung der Diplomreifepr\u00fcfung d\u00fcrfen die Absolventinnen und Absolventen den Titel &#8222;Touristikkaufmann&#8220; bzw. &#8222;Touristikkauffrau&#8220; f\u00fchren.<\/p>\n<p>Ebenso wird die <strong>Gartenbaufachschule in Ehrental 4-j\u00e4hrig<\/strong> gef\u00fchrt.<\/p>\n<p>&nbsp;<\/p>\n<ul>\n<li><strong>Berufsabschluss:<\/strong><\/li>\n<\/ul>\n<p>Die Absolventen\/Absolventinnen der 3- und 4-j\u00e4hrigen Schulen erreichen mit dem Schulabschluss je nach der besuchten Fachrichtung die Qualifikation (Berufsbezeichnung) &#8222;Landwirtschaftliche\/r Facharbeiter\/in&#8220;, &#8222;Facharbeiter\/in im L\u00e4ndlichen Betriebs- und Haushaltsmanagement&#8220;, &#8222;Pferdewirtschaftsfacharbeiter\/in&#8220; oder &#8222;G\u00e4rtnerfacharbeiter\/in&#8220;.<\/p>\n<p>&nbsp;<\/p>\n<ul>\n<li><strong>Schulschwerpunkte \/ Zusatzqualifikationen<\/strong><\/li>\n<\/ul>\n<p>Jede Fachschule setzt Schwerpunkte, in denen die Sch\u00fcler\/innen Zusatzqualifikationen erwerben k\u00f6nnen. Details dazu k\u00f6nnen Sie auf der Homepage der jeweiligen Fachschule abrufen.<\/p>\n<p>&nbsp;<\/p>\n<p style=\"padding-left: 40px;\"><span style=\"text-decoration: underline;\">Kurse:<\/span><\/p>\n<ul>\n<li style=\"list-style-type: none;\">\n<ul style=\"list-style-type: square;\">\n<li>Erste-Hilfe-Kurs<\/li>\n<li>Traktorf\u00fchrerkurs<\/li>\n<li>Melk- und Tierpflegekurs<\/li>\n<li>Eigenbestandsbesamungskurs<\/li>\n<li>Pferdewirtschaft &#8211; Turnierwesen<\/li>\n<li>Mopedausweis<\/li>\n<li>Anwendung von Tierarzneimitteln lt. Tierarzneimittelkontrollgesetz<\/li>\n<\/ul>\n<\/li>\n<\/ul>\n<p>&nbsp;<\/p>\n<p style=\"padding-left: 40px;\"><span style=\"text-decoration: underline;\">Zertifikate\/Anrechnungen\/Zusatzqualifikationen:<\/span><\/p>\n<ul>\n<li style=\"list-style-type: none;\">\n<ul style=\"list-style-type: square;\">\n<li>Abschlusspr\u00fcfung<\/li>\n<li>Europ\u00e4ischer Computerf\u00fchrerschein (ECDL)<\/li>\n<li>ECDL Advanced<\/li>\n<li>Unternehmerf\u00fchrerschein (WKO)<\/li>\n<li>Typing Master<\/li>\n<li>Computerunterst\u00fctzter Unterricht<\/li>\n<li>Tiertransportbef\u00e4higungsnachweis (LFI)<\/li>\n<li>Berechtigung der Rinderbesamung im eigenen Betrieb<\/li>\n<li>Bescheinigung gem. Ktn. Landes-Pflanzenschutzmittelgesetz<\/li>\n<li>Sachkundenachweis gem\u00e4\u00df Tierschutz-Schlachtverordnung 2015<\/li>\n<li>Theoretischer Teil der Forstanschlusslehre<\/li>\n<li>Pr\u00fcfungsbest\u00e4tigung f\u00fcr Grundkenntnisse in Servierkunde und im praktischen Servieren f\u00fcrs Gastgewerbe (WKO)<\/li>\n<li>Umfangreiche praktische und theoretische Servierpr\u00fcfung f\u00fcrs Gastgewerbe (WKO)<\/li>\n<li>Anerkennung des theoretischen und praktischen Teils f\u00fcr Lehrabschlusspr\u00fcfung zum\/zur Betriebsdienstleister\/in &#8211; BDL<\/li>\n<li>Reiterpass, Reiternadel, Reiterlizenz<\/li>\n<li>Bronzenes Fahrabzeichen<\/li>\n<li>Fahrlizenz (F 1 Lizenz)<\/li>\n<li>Wanderreitabzeichen<\/li>\n<li>Westernzertifikat (\u00d6WRAB)<\/li>\n<li>Westernwanderreitabzeichen<\/li>\n<li>Longier-Abzeichen<\/li>\n<li>Bronzenes Viersp\u00e4nnerabzeichen (\u00d6FAB-V)<\/li>\n<li>\u00dcbungsleiter Reiten\/Fahren<\/li>\n<li>Jagdaus\u00fcbungsberechtigung (K\u00e4rntner J\u00e4gerschaft)<\/li>\n<li>Fischereiberechtigung<\/li>\n<li>Pflegefit-Ausweis (\u00d6sterr. Jugendrotkreuz)<\/li>\n<li>Babyfit-Ausweis (\u00d6sterr. Jugendrotkreuz)<\/li>\n<li>Sozialvolont\u00e4r (K\u00e4rntner Hilfswerk)<\/li>\n<li>Kindernotfall<\/li>\n<li>Zertifikat Freizeitcoach f\u00fcr Kinder und Jugendliche (FCKJ): Die Ausbildung berechtigt zur Berufsaus\u00fcbung in der Familienhilfe und Mobilen Kinderbetreuung des Hilfswerks K\u00e4rnten<\/li>\n<li>Juniorzertifikat (Sch\u00fcler\/innen gr\u00fcnden Unternehmen)<\/li>\n<li>Allroundschwimmer-Abzeichen<\/li>\n<li>Selbstverteidigungskurs<\/li>\n<li>Tanztraining<\/li>\n<li>Musik kreativ<\/li>\n<li>Zusatzqualifikation f\u00fcr B\u00e4uerliche G\u00e4stebetreuung oder B\u00e4uerliche Direktvermarktung<\/li>\n<li>Allergenschulung<\/li>\n<li>Hygieneschulung<\/li>\n<\/ul>\n<\/li>\n<\/ul>\n<p>&nbsp;<\/p>\n<p style=\"padding-left: 40px;\"><span style=\"text-decoration: underline;\">Schulautonome Kurswochen:<\/span><\/p>\n<ul>\n<li style=\"list-style-type: none;\">\n<ul style=\"list-style-type: square;\">\n<li>Hauswirtschaft<\/li>\n<li>Haltung und Pflege von Nutztieren<\/li>\n<li>Betreuung und Pflege in der Familie<\/li>\n<li>Gastrokurs und Service oder Erneuerbare Energie<\/li>\n<li>Forstbringung<\/li>\n<li>Moderne Tierhaltung<\/li>\n<li>Almwirtschaft und Naturschutz<\/li>\n<li>Tiergesundheitskurs<\/li>\n<li>Holz- und Metalltechnikkurs<\/li>\n<li>Holzbautechnikkurs<\/li>\n<li>BIO Einf\u00fchrung (Einstieg in die Biologische Landwirtschaft)<\/li>\n<li>Milchworkshop<\/li>\n<li>Melk- und Tierpflege<\/li>\n<li>Waldp\u00e4dagogik<\/li>\n<li>Babyfit und Erste-Hilfe-Kurs und Kindernotfall<\/li>\n<li>Servierkunde intensiv<\/li>\n<li>&#8222;Gastro-Woche&#8220;<\/li>\n<\/ul>\n<\/li>\n<\/ul>\n<p>&nbsp;<\/p>\n<ul>\n<li><strong>Lehrzeitanerkennung<\/strong><\/li>\n<\/ul>\n<p>Lehrzeitanrechnungen sind f\u00fcr alle gewerblichen Berufe m\u00f6glich.<\/p>\n<p>&nbsp;<\/p>\n<ul>\n<li><strong>In 3 Jahren zur Matura<\/strong><\/li>\n<\/ul>\n<p>F\u00fcr Absolventen\/Absolventinnen der 3- bzw. 4-j\u00e4hrigen Fachschulen besteht die M\u00f6glichkeit, einen 3-j\u00e4hrigen Aufbaulehrgang einer H\u00f6heren Land- und forstwirtschaftlichen Schule mit Reife- und Diplompr\u00fcfung zu besuchen.<\/p>\n<p>&nbsp;<\/p>\n","protected":false},"excerpt":{"rendered":"<p>Unsere Landwirtschaftlichen Fachschulen (an 7 Standorten) in K\u00e4rnten gliedern sich in folgende Fachrichtungen: Organisation: Die Fachrichtungen Landwirtschaft, L\u00e4ndliches Betriebs- und Haushaltsmanagement und Pferdewirtschaft werden als 3-j\u00e4hrige Form gef\u00fchrt. In der 4-j\u00e4hrigen Fachschule (Agrar-HAK Althofen), welche im Rahmen einer Schulkooperation organisiert ist, erfolgt der landwirtschaftliche bzw&#8230;.<\/p>\n","protected":false},"author":1,"featured_media":0,"parent":0,"menu_order":0,"comment_status":"closed","ping_status":"closed","template":"","meta":{"footnotes":""},"class_list":["post-98","page","type-page","status-publish","hentry"],"_links":{"self":[{"href":"https:\/\/lfs.ksn.at\/dev-env\/wp-json\/wp\/v2\/pages\/98","targetHints":{"allow":["GET"]}}],"collection":[{"href":"https:\/\/lfs.ksn.at\/dev-env\/wp-json\/wp\/v2\/pages"}],"about":[{"href":"https:\/\/lfs.ksn.at\/dev-env\/wp-json\/wp\/v2\/types\/page"}],"author":[{"embeddable":true,"href":"https:\/\/lfs.ksn.at\/dev-env\/wp-json\/wp\/v2\/users\/1"}],"replies":[{"embeddable":true,"href":"https:\/\/lfs.ksn.at\/dev-env\/wp-json\/wp\/v2\/comments?post=98"}],"version-history":[{"count":0,"href":"https:\/\/lfs.ksn.at\/dev-env\/wp-json\/wp\/v2\/pages\/98\/revisions"}],"wp:attachment":[{"href":"https:\/\/lfs.ksn.at\/dev-env\/wp-json\/wp\/v2\/media?parent=98"}],"curies":[{"name":"wp","href":"https:\/\/api.w.org\/{rel}","templated":true}]}}