{"id":99,"date":"2017-08-20T22:14:54","date_gmt":"2017-08-20T20:14:54","guid":{"rendered":"http:\/\/www.lfs.ksn.at\/leitbild\/"},"modified":"2023-10-30T14:25:09","modified_gmt":"2023-10-30T13:25:09","slug":"leitbild","status":"publish","type":"page","link":"https:\/\/lfs.ksn.at\/dev-env\/leitbild\/","title":{"rendered":"Leitbild"},"content":{"rendered":"<p><strong>Leitbild LFS K\u00e4rnten <\/strong><\/p>\n<p><strong>\u00a0<\/strong><\/p>\n<p><strong>Wir sind moderne und werteorientierte landwirtschaftliche Fachschulen<\/strong><\/p>\n<p>Die LFS K\u00e4rnten bieten eine zukunftsorientierte Ausbildung f\u00fcr Jugendliche und Erwachsene. Diese basiert auf kompetenzorientierten und innovativen Lehr- und Lernr\u00e4umen in Theorie &amp; Praxis. Durch interessante Kooperationen und Netzwerke bieten wir unseren Sch\u00fclerInnen ein vielf\u00e4ltiges und abwechslungsreiches Angebot.<\/p>\n<p>Wir wecken kreative Kr\u00e4fte f\u00fcr den l\u00e4ndlichen Raum, beleben Tradition mit innovativen Ideen und verbinden unternehmerisches Denken mit lebensnahem Wissen und digitalen Skills.<br \/>\nDadurch erhalten die AbsolventInnen beste Berufschancen und ein Bewusstsein f\u00fcr die Verbindung von \u00f6kologischen und \u00f6konomischen Werten und f\u00fcr Zukunftsperspektiven.<\/p>\n<p><strong>Wir tragen Verantwortung f\u00fcr Natur, Gesellschaft und Zukunft<\/strong><\/p>\n<p>Wir f\u00f6rdern die nachhaltige Nutzung und Erhaltung der Natur- und Kulturlandschaft und einen achtsamen Umgang mit Ressourcen.<\/p>\n<p>Hohe soziale und fachliche Kompetenzen des Teams LFS K\u00e4rnten erm\u00f6glichen den AbsolventInnen eine positive pers\u00f6nliche Entwicklung, Wertsch\u00e4tzung gegen\u00fcber unseren Mitmenschen sowie das Bewusstsein f\u00fcr eine gesunde Lebensweise weit \u00fcber die Schulzeit hinaus.<\/p>\n","protected":false},"excerpt":{"rendered":"<p>Leitbild LFS K\u00e4rnten \u00a0 Wir sind moderne und werteorientierte landwirtschaftliche Fachschulen Die LFS K\u00e4rnten bieten eine zukunftsorientierte Ausbildung f\u00fcr Jugendliche und Erwachsene. Diese basiert auf kompetenzorientierten und innovativen Lehr- und Lernr\u00e4umen in Theorie &amp; Praxis. Durch interessante Kooperationen und Netzwerke bieten wir unseren Sch\u00fclerInnen ein&#8230;<\/p>\n","protected":false},"author":1,"featured_media":0,"parent":0,"menu_order":0,"comment_status":"closed","ping_status":"closed","template":"","meta":{"footnotes":""},"class_list":["post-99","page","type-page","status-publish","hentry"],"_links":{"self":[{"href":"https:\/\/lfs.ksn.at\/dev-env\/wp-json\/wp\/v2\/pages\/99","targetHints":{"allow":["GET"]}}],"collection":[{"href":"https:\/\/lfs.ksn.at\/dev-env\/wp-json\/wp\/v2\/pages"}],"about":[{"href":"https:\/\/lfs.ksn.at\/dev-env\/wp-json\/wp\/v2\/types\/page"}],"author":[{"embeddable":true,"href":"https:\/\/lfs.ksn.at\/dev-env\/wp-json\/wp\/v2\/users\/1"}],"replies":[{"embeddable":true,"href":"https:\/\/lfs.ksn.at\/dev-env\/wp-json\/wp\/v2\/comments?post=99"}],"version-history":[{"count":0,"href":"https:\/\/lfs.ksn.at\/dev-env\/wp-json\/wp\/v2\/pages\/99\/revisions"}],"wp:attachment":[{"href":"https:\/\/lfs.ksn.at\/dev-env\/wp-json\/wp\/v2\/media?parent=99"}],"curies":[{"name":"wp","href":"https:\/\/api.w.org\/{rel}","templated":true}]}}